{"id":1316,"date":"2025-03-06T07:17:08","date_gmt":"2025-03-06T07:17:08","guid":{"rendered":"https:\/\/avenirenergy.ca\/wordpress\/?page_id=1316"},"modified":"2025-10-06T19:41:24","modified_gmt":"2025-10-06T19:41:24","slug":"about-us-careers-at-avenir-energy","status":"publish","type":"page","link":"https:\/\/avenirenergy.ca\/fr\/about-us-careers-at-avenir-energy\/","title":{"rendered":"Carri\u00e8res chez Avenir Energy"},"content":{"rendered":"<div data-elementor-type=\"wp-page\" data-elementor-id=\"1316\" class=\"elementor elementor-1316\" data-elementor-post-type=\"page\">\n\t\t\t\t<div class=\"elementor-element elementor-element-2a95c8b3 e-flex e-con-boxed e-con e-parent\" data-id=\"2a95c8b3\" data-element_type=\"container\" data-e-type=\"container\" data-settings=\"{&quot;background_background&quot;:&quot;classic&quot;}\">\n\t\t\t\t\t<div class=\"e-con-inner\">\n\t\t<div class=\"elementor-element elementor-element-121b90f1 e-con-full e-flex e-con e-child\" data-id=\"121b90f1\" data-element_type=\"container\" data-e-type=\"container\">\n\t\t\t\t<div class=\"elementor-element elementor-element-bfb9a39 elementor-widget elementor-widget-heading\" data-id=\"bfb9a39\" data-element_type=\"widget\" data-e-type=\"widget\" data-widget_type=\"heading.default\">\n\t\t\t\t\t<h1 class=\"elementor-heading-title elementor-size-default\">Carri\u00e8res chez Avenir Energy<\/h1>\t\t\t\t<\/div>\n\t\t\t\t<\/div>\n\t\t\t\t\t<\/div>\n\t\t\t\t<\/div>\n\t\t<div class=\"elementor-element elementor-element-9183369 e-flex e-con-boxed e-con e-parent\" data-id=\"9183369\" data-element_type=\"container\" data-e-type=\"container\" data-settings=\"{&quot;background_background&quot;:&quot;classic&quot;}\">\n\t\t\t\t\t<div class=\"e-con-inner\">\n\t\t<div class=\"elementor-element elementor-element-5c613420 e-con-full e-flex e-con e-child\" data-id=\"5c613420\" data-element_type=\"container\" data-e-type=\"container\">\n\t\t\t\t<div class=\"elementor-element elementor-element-4112e19b elementor-widget elementor-widget-text-editor\" data-id=\"4112e19b\" data-element_type=\"widget\" data-e-type=\"widget\" data-widget_type=\"text-editor.default\">\n\t\t\t\t\t\t\t\t\t<p>Avenir \u00c9nergie est l&#039;un des distributeurs de propane les plus importants et \u00e0 la croissance la plus rapide au Canada. Nous sommes une entreprise dynamique, ax\u00e9e sur la client\u00e8le et pr\u00e9sente sur le terrain, op\u00e9rant d&#039;un oc\u00e9an \u00e0 l&#039;autre et ax\u00e9e sur l&#039;excellence. Nous aspirons \u00e0 \u00eatre le distributeur de propane de choix pour nos clients en Am\u00e9rique du Nord, et nos plus de 400 collaborateurs nous encouragent constamment \u00e0 atteindre cet objectif. Nous offrons un environnement de travail stimulant, dynamique et respectueux, o\u00f9 vous contribuerez grandement \u00e0 l&#039;\u00e9quipe d&#039;Avenir \u00c9nergie.<\/p><p>Si vous \u00eates un professionnel performant et int\u00e8gre, dot\u00e9 d&#039;humilit\u00e9 personnelle et de volont\u00e9 professionnelle, et que vous cherchez \u00e0 \u00eatre habilit\u00e9 \u00e0 prendre des d\u00e9cisions, vous \u00eates au bon endroit.<\/p>\t\t\t\t\t\t\t\t<\/div>\n\t\t\t\t<\/div>\n\t\t\t\t\t<\/div>\n\t\t\t\t<\/div>\n\t\t<div class=\"elementor-element elementor-element-54624ac e-flex e-con-boxed e-con e-parent\" data-id=\"54624ac\" data-element_type=\"container\" data-e-type=\"container\" data-settings=\"{&quot;background_background&quot;:&quot;classic&quot;}\">\n\t\t\t\t\t<div class=\"e-con-inner\">\n\t\t<div class=\"elementor-element elementor-element-0caa9d2 e-con-full e-flex e-con e-child\" data-id=\"0caa9d2\" data-element_type=\"container\" data-e-type=\"container\">\n\t\t\t\t<div class=\"elementor-element elementor-element-34fa799 elementor-widget__width-initial elementor-widget elementor-widget-heading\" data-id=\"34fa799\" data-element_type=\"widget\" data-e-type=\"widget\" data-widget_type=\"heading.default\">\n\t\t\t\t\t<h2 class=\"elementor-heading-title elementor-size-default\">Postes vacants actuels<\/h2>\t\t\t\t<\/div>\n\t\t\t\t<div class=\"elementor-element elementor-element-55f550d elementor-widget elementor-widget-html\" data-id=\"55f550d\" data-element_type=\"widget\" data-e-type=\"widget\" data-widget_type=\"html.default\">\n\t\t\t\t\t<script type=\"text\/javascript\" src=\"https:\/\/app.jazz.co\/widgets\/basic\/create\/thenewnetwork\" charset=\"utf-8\"><\/script>\t\t\t\t<\/div>\n\t\t\t\t<\/div>\n\t\t\t\t\t<\/div>\n\t\t\t\t<\/div>\n\t\t\t\t<\/div>","protected":false},"excerpt":{"rendered":"<p>Careers at Avenir Energy Avenir Energy is among the largest and fastest growing propane distributors in Canada. We are a&#8230;<\/p>","protected":false},"author":1,"featured_media":0,"parent":0,"menu_order":0,"comment_status":"closed","ping_status":"closed","template":"","meta":{"slim_seo":{"facebook_image":"https:\/\/avenirenergy.ca\/wp-content\/uploads\/2025\/09\/avi.jpg","twitter_image":"https:\/\/avenirenergy.ca\/wp-content\/uploads\/2025\/09\/avi.jpg","title":"Careers at Avenir Energy - Avenir Energy","description":"Careers at Avenir Energy Avenir Energy is among the largest and fastest growing propane distributors in Canada. We are a fast moving, customer facing, field-bas"},"footnotes":""},"class_list":["post-1316","page","type-page","status-publish","hentry"],"_links":{"self":[{"href":"https:\/\/avenirenergy.ca\/fr\/wp-json\/wp\/v2\/pages\/1316","targetHints":{"allow":["GET"]}}],"collection":[{"href":"https:\/\/avenirenergy.ca\/fr\/wp-json\/wp\/v2\/pages"}],"about":[{"href":"https:\/\/avenirenergy.ca\/fr\/wp-json\/wp\/v2\/types\/page"}],"author":[{"embeddable":true,"href":"https:\/\/avenirenergy.ca\/fr\/wp-json\/wp\/v2\/users\/1"}],"replies":[{"embeddable":true,"href":"https:\/\/avenirenergy.ca\/fr\/wp-json\/wp\/v2\/comments?post=1316"}],"version-history":[{"count":0,"href":"https:\/\/avenirenergy.ca\/fr\/wp-json\/wp\/v2\/pages\/1316\/revisions"}],"wp:attachment":[{"href":"https:\/\/avenirenergy.ca\/fr\/wp-json\/wp\/v2\/media?parent=1316"}],"curies":[{"name":"wp","href":"https:\/\/api.w.org\/{rel}","templated":true}]}}