{"id":2352,"date":"2025-03-05T03:05:21","date_gmt":"2025-03-05T03:05:21","guid":{"rendered":"https:\/\/avenirenergy.ca\/wordpress\/?page_id=2352"},"modified":"2025-10-06T19:37:34","modified_gmt":"2025-10-06T19:37:34","slug":"energy-for-your-home-propane-delivery","status":"publish","type":"page","link":"https:\/\/avenirenergy.ca\/fr\/energy-for-your-home-propane-delivery\/","title":{"rendered":"Livraison de propane"},"content":{"rendered":"<div data-elementor-type=\"wp-page\" data-elementor-id=\"2352\" class=\"elementor elementor-2352\" data-elementor-post-type=\"page\">\n\t\t\t\t<div class=\"elementor-element elementor-element-de78388 e-flex e-con-boxed e-con e-parent\" data-id=\"de78388\" data-element_type=\"container\" data-e-type=\"container\" data-settings=\"{&quot;background_background&quot;:&quot;classic&quot;}\">\n\t\t\t\t\t<div class=\"e-con-inner\">\n\t\t<div class=\"elementor-element elementor-element-68af8e2 e-con-full e-flex e-con e-child\" data-id=\"68af8e2\" data-element_type=\"container\" data-e-type=\"container\">\n\t\t\t\t<div class=\"elementor-element elementor-element-a2f6162 elementor-widget elementor-widget-heading\" data-id=\"a2f6162\" data-element_type=\"widget\" data-e-type=\"widget\" data-widget_type=\"heading.default\">\n\t\t\t\t\t<h1 class=\"elementor-heading-title elementor-size-default\">Livraison de propane<\/h1>\t\t\t\t<\/div>\n\t\t\t\t<\/div>\n\t\t\t\t\t<\/div>\n\t\t\t\t<\/div>\n\t\t<div class=\"elementor-element elementor-element-6b50df90 e-flex e-con-boxed e-con e-parent\" data-id=\"6b50df90\" data-element_type=\"container\" data-e-type=\"container\" data-settings=\"{&quot;background_background&quot;:&quot;classic&quot;}\">\n\t\t\t\t\t<div class=\"e-con-inner\">\n\t\t<div class=\"elementor-element elementor-element-d97b50d e-con-full e-flex e-con e-child\" data-id=\"d97b50d\" data-element_type=\"container\" data-e-type=\"container\">\n\t\t<div class=\"elementor-element elementor-element-0831220 e-con-full e-flex e-con e-child\" data-id=\"0831220\" data-element_type=\"container\" data-e-type=\"container\" data-settings=\"{&quot;background_background&quot;:&quot;classic&quot;}\">\n\t\t<div class=\"elementor-element elementor-element-5416ef8 e-con-full e-flex e-con e-child\" data-id=\"5416ef8\" data-element_type=\"container\" data-e-type=\"container\" data-settings=\"{&quot;background_background&quot;:&quot;classic&quot;}\">\n\t\t\t\t<div class=\"elementor-element elementor-element-6a84d84 elementor-widget elementor-widget-image\" data-id=\"6a84d84\" data-element_type=\"widget\" data-e-type=\"widget\" data-widget_type=\"image.default\">\n\t\t\t\t\t\t\t\t\t\t\t\t\t\t\t<img fetchpriority=\"high\" decoding=\"async\" width=\"789\" height=\"1024\" src=\"https:\/\/avenirenergy.ca\/wp-content\/uploads\/2025\/09\/66f17acb8edb2634e575fff8_avenir-neevo-tank-iphone-2-789x1024.jpg\" class=\"attachment-large size-large wp-image-2357\" alt=\"66f17acb8edb2634e575fff8 avenir neevo tank iphone 2\" srcset=\"https:\/\/avenirenergy.ca\/wp-content\/uploads\/2025\/09\/66f17acb8edb2634e575fff8_avenir-neevo-tank-iphone-2-789x1024.jpg 789w, https:\/\/avenirenergy.ca\/wp-content\/uploads\/2025\/09\/66f17acb8edb2634e575fff8_avenir-neevo-tank-iphone-2-231x300.jpg 231w, https:\/\/avenirenergy.ca\/wp-content\/uploads\/2025\/09\/66f17acb8edb2634e575fff8_avenir-neevo-tank-iphone-2-768x997.jpg 768w, https:\/\/avenirenergy.ca\/wp-content\/uploads\/2025\/09\/66f17acb8edb2634e575fff8_avenir-neevo-tank-iphone-2-1183x1536.jpg 1183w, https:\/\/avenirenergy.ca\/wp-content\/uploads\/2025\/09\/66f17acb8edb2634e575fff8_avenir-neevo-tank-iphone-2-1577x2048.jpg 1577w, https:\/\/avenirenergy.ca\/wp-content\/uploads\/2025\/09\/66f17acb8edb2634e575fff8_avenir-neevo-tank-iphone-2-900x1169.jpg 900w, https:\/\/avenirenergy.ca\/wp-content\/uploads\/2025\/09\/66f17acb8edb2634e575fff8_avenir-neevo-tank-iphone-2.jpg 1937w\" sizes=\"(max-width: 789px) 100vw, 789px\" \/>\t\t\t\t\t\t\t\t\t\t\t\t\t\t\t<\/div>\n\t\t\t\t<\/div>\n\t\t<div class=\"elementor-element elementor-element-01b1b40 e-con-full e-flex e-con e-child\" data-id=\"01b1b40\" data-element_type=\"container\" data-e-type=\"container\" data-settings=\"{&quot;background_background&quot;:&quot;classic&quot;}\">\n\t\t\t\t<div class=\"elementor-element elementor-element-4d6da996 elementor-widget elementor-widget-text-editor\" data-id=\"4d6da996\" data-element_type=\"widget\" data-e-type=\"widget\" data-widget_type=\"text-editor.default\">\n\t\t\t\t\t\t\t\t\t<div class=\"header-intro-semibold-xl\">Nous proposons des options de livraison flexibles pour le remplissage de vos bouteilles de propane. Que vous souhaitiez que nous g\u00e9rions votre planning de livraison ou que nous vous pr\u00e9venions de la date de remplissage, \u00e0 vous de choisir\u00a0!<\/div>\t\t\t\t\t\t\t\t<\/div>\n\t\t\t\t<div class=\"elementor-element elementor-element-50897bf1 elementor-widget elementor-widget-button\" data-id=\"50897bf1\" data-element_type=\"widget\" data-e-type=\"widget\" data-widget_type=\"button.default\">\n\t\t\t\t\t\t\t\t\t\t<a class=\"elementor-button elementor-button-link elementor-size-sm\" href=\"\/fr\/contact-avenir-energy-request-propane-refill\/\">\n\t\t\t\t\t\t<span class=\"elementor-button-content-wrapper\">\n\t\t\t\t\t\t<span class=\"elementor-button-icon\">\n\t\t\t\t<svg aria-hidden=\"true\" class=\"e-font-icon-svg e-fas-arrow-right\" viewbox=\"0 0 448 512\" xmlns=\"http:\/\/www.w3.org\/2000\/svg\"><path d=\"M190.5 66.9l22.2-22.2c9.4-9.4 24.6-9.4 33.9 0L441 239c9.4 9.4 9.4 24.6 0 33.9L246.6 467.3c-9.4 9.4-24.6 9.4-33.9 0l-22.2-22.2c-9.5-9.5-9.3-25 .4-34.3L311.4 296H24c-13.3 0-24-10.7-24-24v-32c0-13.3 10.7-24 24-24h287.4L190.9 101.2c-9.8-9.3-10-24.8-.4-34.3z\"><\/path><\/svg>\t\t\t<\/span>\n\t\t\t\t\t\t\t\t\t<span class=\"elementor-button-text\">Commander du propane<\/span>\n\t\t\t\t\t<\/span>\n\t\t\t\t\t<\/a>\n\t\t\t\t\t\t\t\t<\/div>\n\t\t\t\t<\/div>\n\t\t\t\t<\/div>\n\t\t<div class=\"elementor-element elementor-element-2922affc e-con-full e-flex e-con e-child\" data-id=\"2922affc\" data-element_type=\"container\" data-e-type=\"container\">\n\t\t\t\t<div class=\"elementor-element elementor-element-292d8587 elementor-position-left elementor-position-top elementor-widget elementor-widget-image-box\" data-id=\"292d8587\" data-element_type=\"widget\" data-e-type=\"widget\" data-widget_type=\"image-box.default\">\n\t\t\t\t\t<div class=\"elementor-image-box-wrapper\"><figure class=\"elementor-image-box-img\"><img decoding=\"async\" width=\"165\" height=\"165\" src=\"https:\/\/avenirenergy.ca\/wp-content\/uploads\/2025\/09\/66ec17b86ea076fd37aee3d6_Propane-Delivery-Tank-Monitor.svg\" class=\"attachment-full size-full wp-image-2358\" alt=\"66ec17b86ea076fd37aee3d6 propane delivery tank monitor\" srcset=\"https:\/\/avenirenergy.ca\/wp-content\/uploads\/2025\/09\/66ec17b86ea076fd37aee3d6_Propane-Delivery-Tank-Monitor.svg 150w, https:\/\/avenirenergy.ca\/wp-content\/uploads\/2025\/09\/66ec17b86ea076fd37aee3d6_Propane-Delivery-Tank-Monitor.svg 300w, https:\/\/avenirenergy.ca\/wp-content\/uploads\/2025\/09\/66ec17b86ea076fd37aee3d6_Propane-Delivery-Tank-Monitor.svg 1024w, https:\/\/avenirenergy.ca\/wp-content\/uploads\/2025\/09\/66ec17b86ea076fd37aee3d6_Propane-Delivery-Tank-Monitor.svg 1536w, https:\/\/avenirenergy.ca\/wp-content\/uploads\/2025\/09\/66ec17b86ea076fd37aee3d6_Propane-Delivery-Tank-Monitor.svg 2048w, https:\/\/avenirenergy.ca\/wp-content\/uploads\/2025\/09\/66ec17b86ea076fd37aee3d6_Propane-Delivery-Tank-Monitor.svg 100w, https:\/\/avenirenergy.ca\/wp-content\/uploads\/2025\/09\/66ec17b86ea076fd37aee3d6_Propane-Delivery-Tank-Monitor.svg 165w\" sizes=\"(max-width: 165px) 100vw, 165px\" \/><\/figure><div class=\"elementor-image-box-content\"><h3 class=\"elementor-image-box-title\">Livraison de surveillance de r\u00e9servoir<\/h3><p class=\"elementor-image-box-description\">Nous utilisons des moniteurs de r\u00e9servoir sans fil pour surveiller le niveau de vos r\u00e9servoirs et planifier votre prochain remplissage de propane. Ces moniteurs nous permettent de suivre le niveau de vos r\u00e9servoirs en temps r\u00e9el et de planifier votre prochain remplissage de propane avec une plus grande pr\u00e9cision. Vous pouvez \u00e9galement suivre le niveau de vos r\u00e9servoirs en temps r\u00e9el via notre portail \u00ab\u00a0Mon Compte\u00a0\u00bb ou en t\u00e9l\u00e9chargeant l&#039;application Nee-Vo Otodata sur votre smartphone. Enregistrez votre moniteur dans l&#039;application Nee-Vo \u00e0 l&#039;aide du code d&#039;activation \u00e0 9 chiffres situ\u00e9 sur le c\u00f4t\u00e9 pour consulter le niveau et la consommation de votre r\u00e9servoir, et cr\u00e9er des alertes personnalis\u00e9es.<\/p><\/div><\/div>\t\t\t\t<\/div>\n\t\t<div class=\"elementor-element elementor-element-96dc7b9 e-con-full e-flex e-con e-child\" data-id=\"96dc7b9\" data-element_type=\"container\" data-e-type=\"container\">\n\t\t\t\t<div class=\"elementor-element elementor-element-fc6fc02 elementor-widget__width-initial elementor-widget elementor-widget-image\" data-id=\"fc6fc02\" data-element_type=\"widget\" data-e-type=\"widget\" data-widget_type=\"image.default\">\n\t\t\t\t\t\t\t\t\t\t\t\t\t\t\t\t<a href=\"https:\/\/apps.apple.com\/ca\/app\/nee-vo\/id1108454345\">\n\t\t\t\t\t\t\t<img decoding=\"async\" width=\"119\" height=\"40\" src=\"https:\/\/avenirenergy.ca\/wp-content\/uploads\/2025\/09\/66f6a8cb4d37c2800e2af305_Apple_App_Store_Badge_blk.svg\" class=\"attachment-full size-full wp-image-2364\" alt=\"66f6a8cb4d37c2800e2af305 apple app store badge blk\" \/>\t\t\t\t\t\t\t\t<\/a>\n\t\t\t\t\t\t\t\t\t\t\t\t\t\t\t<\/div>\n\t\t\t\t<div class=\"elementor-element elementor-element-f5663ea elementor-widget__width-initial elementor-widget elementor-widget-image\" data-id=\"f5663ea\" data-element_type=\"widget\" data-e-type=\"widget\" data-widget_type=\"image.default\">\n\t\t\t\t\t\t\t\t\t\t\t\t\t\t\t\t<a href=\"https:\/\/play.google.com\/store\/search?q=nee-vo&#038;c=apps\">\n\t\t\t\t\t\t\t<img loading=\"lazy\" decoding=\"async\" width=\"135\" height=\"40\" src=\"https:\/\/avenirenergy.ca\/wp-content\/uploads\/2025\/09\/66f6a8d844bc13865641a7d1_google-play-badge.svg\" class=\"attachment-full size-full wp-image-2365\" alt=\"66f6a8d844bc13865641a7d1 google play badge\" \/>\t\t\t\t\t\t\t\t<\/a>\n\t\t\t\t\t\t\t\t\t\t\t\t\t\t\t<\/div>\n\t\t\t\t<\/div>\n\t\t\t\t<div class=\"elementor-element elementor-element-e4c87c8 elementor-position-left elementor-position-top elementor-widget elementor-widget-image-box\" data-id=\"e4c87c8\" data-element_type=\"widget\" data-e-type=\"widget\" data-widget_type=\"image-box.default\">\n\t\t\t\t\t<div class=\"elementor-image-box-wrapper\"><figure class=\"elementor-image-box-img\"><img loading=\"lazy\" decoding=\"async\" width=\"164\" height=\"164\" src=\"https:\/\/avenirenergy.ca\/wp-content\/uploads\/2025\/09\/66ec17b86ea076fd37aee3db_Propane-Delivery-Truck.svg\" class=\"attachment-full size-full wp-image-2360\" alt=\"66ec17b86ea076fd37aee3db propane delivery truck\" srcset=\"https:\/\/avenirenergy.ca\/wp-content\/uploads\/2025\/09\/66ec17b86ea076fd37aee3db_Propane-Delivery-Truck.svg 150w, https:\/\/avenirenergy.ca\/wp-content\/uploads\/2025\/09\/66ec17b86ea076fd37aee3db_Propane-Delivery-Truck.svg 300w, https:\/\/avenirenergy.ca\/wp-content\/uploads\/2025\/09\/66ec17b86ea076fd37aee3db_Propane-Delivery-Truck.svg 1024w, https:\/\/avenirenergy.ca\/wp-content\/uploads\/2025\/09\/66ec17b86ea076fd37aee3db_Propane-Delivery-Truck.svg 1536w, https:\/\/avenirenergy.ca\/wp-content\/uploads\/2025\/09\/66ec17b86ea076fd37aee3db_Propane-Delivery-Truck.svg 2048w, https:\/\/avenirenergy.ca\/wp-content\/uploads\/2025\/09\/66ec17b86ea076fd37aee3db_Propane-Delivery-Truck.svg 100w, https:\/\/avenirenergy.ca\/wp-content\/uploads\/2025\/09\/66ec17b86ea076fd37aee3db_Propane-Delivery-Truck.svg 164w\" sizes=\"(max-width: 164px) 100vw, 164px\" \/><\/figure><div class=\"elementor-image-box-content\"><h3 class=\"elementor-image-box-title\">Livraison automatique<\/h3><p class=\"elementor-image-box-description\">Gr\u00e2ce \u00e0 la livraison automatique de propane, nous g\u00e9rons vos recharges en fonction de votre consommation, de vos appareils et des pr\u00e9visions m\u00e9t\u00e9orologiques. Les livraisons automatiques peuvent \u00e9galement \u00eatre programm\u00e9es pour une dur\u00e9e d\u00e9termin\u00e9e.<\/p><\/div><\/div>\t\t\t\t<\/div>\n\t\t\t\t<div class=\"elementor-element elementor-element-3393e2a elementor-position-left elementor-position-top elementor-widget elementor-widget-image-box\" data-id=\"3393e2a\" data-element_type=\"widget\" data-e-type=\"widget\" data-widget_type=\"image-box.default\">\n\t\t\t\t\t<div class=\"elementor-image-box-wrapper\"><figure class=\"elementor-image-box-img\"><img loading=\"lazy\" decoding=\"async\" width=\"101\" height=\"149\" src=\"https:\/\/avenirenergy.ca\/wp-content\/uploads\/2025\/09\/tank-1.jpg\" class=\"attachment-full size-full wp-image-2785\" alt=\"Tank\" \/><\/figure><div class=\"elementor-image-box-content\"><h3 class=\"elementor-image-box-title\">Commande sur demande <\/h3><p class=\"elementor-image-box-description\">Vous souhaitez g\u00e9rer vous-m\u00eame votre planning de livraison\u00a0? Commandez sur demande en nous appelant ou en demandant un remplissage de bouteille de propane en ligne. Nous vous recommandons de passer commande lorsque le niveau de votre bouteille atteint 30%. Nous planifierons ainsi le remplissage de votre bouteille de propane sous 7 \u00e0 10\u00a0jours. Si vous avez besoin d&#039;un d\u00e9lai plus court, nous pouvons g\u00e9n\u00e9ralement nous adapter (parfois moyennant des frais suppl\u00e9mentaires) selon la saison.<\/p><\/div><\/div>\t\t\t\t<\/div>\n\t\t\t\t<\/div>\n\t\t\t\t<\/div>\n\t\t\t\t\t<\/div>\n\t\t\t\t<\/div>\n\t\t\t\t<\/div>","protected":false},"excerpt":{"rendered":"<p>Propane Delivery We offer flexible delivery options for refilling your propane tanks. Whether you want us to manage your propane&#8230;<\/p>","protected":false},"author":1,"featured_media":0,"parent":0,"menu_order":0,"comment_status":"closed","ping_status":"closed","template":"","meta":{"slim_seo":{"facebook_image":"https:\/\/avenirenergy.ca\/wp-content\/uploads\/2025\/09\/avi.jpg","twitter_image":"https:\/\/avenirenergy.ca\/wp-content\/uploads\/2025\/09\/avi.jpg\/","title":"Propane Delivery - Avenir Energy","description":"Propane Delivery We offer flexible delivery options for refilling your propane tanks. Whether you want us to manage your propane delivery schedule or let us kno"},"footnotes":""},"class_list":["post-2352","page","type-page","status-publish","hentry"],"_links":{"self":[{"href":"https:\/\/avenirenergy.ca\/fr\/wp-json\/wp\/v2\/pages\/2352","targetHints":{"allow":["GET"]}}],"collection":[{"href":"https:\/\/avenirenergy.ca\/fr\/wp-json\/wp\/v2\/pages"}],"about":[{"href":"https:\/\/avenirenergy.ca\/fr\/wp-json\/wp\/v2\/types\/page"}],"author":[{"embeddable":true,"href":"https:\/\/avenirenergy.ca\/fr\/wp-json\/wp\/v2\/users\/1"}],"replies":[{"embeddable":true,"href":"https:\/\/avenirenergy.ca\/fr\/wp-json\/wp\/v2\/comments?post=2352"}],"version-history":[{"count":0,"href":"https:\/\/avenirenergy.ca\/fr\/wp-json\/wp\/v2\/pages\/2352\/revisions"}],"wp:attachment":[{"href":"https:\/\/avenirenergy.ca\/fr\/wp-json\/wp\/v2\/media?parent=2352"}],"curies":[{"name":"wp","href":"https:\/\/api.w.org\/{rel}","templated":true}]}}