{"id":2372,"date":"2025-03-05T03:05:21","date_gmt":"2025-03-05T03:05:21","guid":{"rendered":"https:\/\/avenirenergy.ca\/wordpress\/?page_id=2372"},"modified":"2025-11-21T17:57:03","modified_gmt":"2025-11-21T17:57:03","slug":"energy-for-your-home-payment-options","status":"publish","type":"page","link":"https:\/\/avenirenergy.ca\/fr\/energy-for-your-home-payment-options\/","title":{"rendered":"Options de paiement"},"content":{"rendered":"<div data-elementor-type=\"wp-page\" data-elementor-id=\"2372\" class=\"elementor elementor-2372\" data-elementor-post-type=\"page\">\n\t\t\t\t<div class=\"elementor-element elementor-element-de78388 e-flex e-con-boxed e-con e-parent\" data-id=\"de78388\" data-element_type=\"container\" data-e-type=\"container\" data-settings=\"{&quot;background_background&quot;:&quot;classic&quot;}\">\n\t\t\t\t\t<div class=\"e-con-inner\">\n\t\t<div class=\"elementor-element elementor-element-68af8e2 e-con-full e-flex e-con e-child\" data-id=\"68af8e2\" data-element_type=\"container\" data-e-type=\"container\">\n\t\t\t\t<div class=\"elementor-element elementor-element-a2f6162 elementor-widget elementor-widget-heading\" data-id=\"a2f6162\" data-element_type=\"widget\" data-e-type=\"widget\" data-widget_type=\"heading.default\">\n\t\t\t\t\t<h1 class=\"elementor-heading-title elementor-size-default\">Options de paiement<\/h1>\t\t\t\t<\/div>\n\t\t\t\t<\/div>\n\t\t\t\t\t<\/div>\n\t\t\t\t<\/div>\n\t\t<div class=\"elementor-element elementor-element-30b1985f e-flex e-con-boxed e-con e-parent\" data-id=\"30b1985f\" data-element_type=\"container\" data-e-type=\"container\" data-settings=\"{&quot;background_background&quot;:&quot;classic&quot;}\">\n\t\t\t\t\t<div class=\"e-con-inner\">\n\t\t<div class=\"elementor-element elementor-element-581138bf e-con-full e-flex e-con e-child\" data-id=\"581138bf\" data-element_type=\"container\" data-e-type=\"container\">\n\t\t\t\t<div class=\"elementor-element elementor-element-ef17f31 elementor-widget elementor-widget-heading\" data-id=\"ef17f31\" data-element_type=\"widget\" data-e-type=\"widget\" data-widget_type=\"heading.default\">\n\t\t\t\t\t<h2 class=\"elementor-heading-title elementor-size-default\">Options de facturation flexibles<\/h2>\t\t\t\t<\/div>\n\t\t\t\t<div class=\"elementor-element elementor-element-4d6da996 elementor-widget elementor-widget-text-editor\" data-id=\"4d6da996\" data-element_type=\"widget\" data-e-type=\"widget\" data-widget_type=\"text-editor.default\">\n\t\t\t\t\t\t\t\t\t<div class=\"header-intro-semibold-xl\">Chez Avenir \u00c9nergie, nous comprenons que les d\u00e9penses \u00e9nerg\u00e9tiques domestiques peuvent fluctuer au gr\u00e9 des saisons. Nous proposons des options de facturation flexibles et personnalis\u00e9es, afin que vous puissiez choisir celle qui r\u00e9pond le mieux \u00e0 vos besoins. Que vous payiez le prix du march\u00e9 en fonction de la demande saisonni\u00e8re ou optiez pour un tarif fixe, nous vous proposons des prix de propane comp\u00e9titifs pr\u00e8s de chez vous. Simplifiez votre budget gr\u00e2ce \u00e0 la facturation budg\u00e9taire et payez des mensualit\u00e9s \u00e9gales sur 12 mois pour couvrir vos d\u00e9penses en propane.<\/div>\t\t\t\t\t\t\t\t<\/div>\n\t\t<div class=\"elementor-element elementor-element-39960ee e-con-full e-flex e-con e-child\" data-id=\"39960ee\" data-element_type=\"container\" data-e-type=\"container\">\n\t\t<div class=\"elementor-element elementor-element-84c84a3 e-con-full e-flex e-con e-child\" data-id=\"84c84a3\" data-element_type=\"container\" data-e-type=\"container\">\n\t\t\t\t<div class=\"elementor-element elementor-element-26be173 elementor-vertical-align-middle elementor-widget elementor-widget-image-box\" data-id=\"26be173\" data-element_type=\"widget\" data-e-type=\"widget\" data-widget_type=\"image-box.default\">\n\t\t\t\t\t<div class=\"elementor-image-box-wrapper\"><div class=\"elementor-image-box-content\"><h4 class=\"elementor-image-box-title\">Facturation budg\u00e9taire <\/h4><p class=\"elementor-image-box-description\">Pour simplifier votre budget, nous proposons des mensualit\u00e9s \u00e9gales sans int\u00e9r\u00eat, r\u00e9parties sur 12 mois. Vos paiements sont pr\u00e9visibles et faciles \u00e0 g\u00e9rer. Configurez des pr\u00e9l\u00e8vements automatiques sur votre compte bancaire ou votre carte de cr\u00e9dit. Pas de surprises, la tranquillit\u00e9 d&#039;esprit. Nous analysons votre consommation pour nous assurer que vos mensualit\u00e9s \u00e9gales couvrent vos frais de propane pour l&#039;ann\u00e9e et nous vous accompagnons dans l&#039;adaptation de votre consommation en fonction de vos variations.   <\/p><\/div><\/div>\t\t\t\t<\/div>\n\t\t\t\t<div class=\"elementor-element elementor-element-4926ff3 elementor-vertical-align-middle elementor-widget elementor-widget-image-box\" data-id=\"4926ff3\" data-element_type=\"widget\" data-e-type=\"widget\" data-widget_type=\"image-box.default\">\n\t\t\t\t\t<div class=\"elementor-image-box-wrapper\"><div class=\"elementor-image-box-content\"><h4 class=\"elementor-image-box-title\">Facturation \u00e9lectronique <\/h4><p class=\"elementor-image-box-description\">Optez pour le z\u00e9ro papier, \u00e9cologique et s\u00e9curis\u00e9, et recevez vos factures \u00e0 l&#039;adresse e-mail de votre choix. Rapide, pratique et \u00e9cologique\u00a0!<\/p><\/div><\/div>\t\t\t\t<\/div>\n\t\t\t\t<\/div>\n\t\t<div class=\"elementor-element elementor-element-c7eb5ac e-con-full e-flex e-con e-child\" data-id=\"c7eb5ac\" data-element_type=\"container\" data-e-type=\"container\">\n\t\t\t\t<div class=\"elementor-element elementor-element-4dda0ed elementor-vertical-align-middle elementor-widget elementor-widget-image-box\" data-id=\"4dda0ed\" data-element_type=\"widget\" data-e-type=\"widget\" data-widget_type=\"image-box.default\">\n\t\t\t\t\t<div class=\"elementor-image-box-wrapper\"><div class=\"elementor-image-box-content\"><h4 class=\"elementor-image-box-title\">Tarification fixe <\/h4><p class=\"elementor-image-box-description\">Vous souhaitez prot\u00e9ger vos d\u00e9penses \u00e9nerg\u00e9tiques des fluctuations de prix\u00a0? Bloquez le prix de votre propane pour la saison de chauffage gr\u00e2ce \u00e0 l&#039;option \u00e0 prix fixe d&#039;Avenir \u00c9nergie. Notre forfait \u00e0 prix fixe vous permet d&#039;acheter votre propane \u00e0 un prix fixe comp\u00e9titif. Sans acompte. Sans surprise.<br><br>\nDisponible en Ontario, en Nouvelle-\u00c9cosse et \u00e0 Yellowknife, NT.<\/p><\/div><\/div>\t\t\t\t<\/div>\n\t\t\t\t<\/div>\n\t\t\t\t<\/div>\n\t\t\t\t<\/div>\n\t\t\t\t\t<\/div>\n\t\t\t\t<\/div>\n\t\t<div class=\"elementor-element elementor-element-682d18e6 e-flex e-con-boxed e-con e-parent\" data-id=\"682d18e6\" data-element_type=\"container\" data-e-type=\"container\" data-settings=\"{&quot;background_background&quot;:&quot;classic&quot;}\">\n\t\t\t\t\t<div class=\"e-con-inner\">\n\t\t<div class=\"elementor-element elementor-element-2246b634 e-con-full e-flex e-con e-child\" data-id=\"2246b634\" data-element_type=\"container\" data-e-type=\"container\">\n\t\t\t\t<div class=\"elementor-element elementor-element-647db99b elementor-widget elementor-widget-heading\" data-id=\"647db99b\" data-element_type=\"widget\" data-e-type=\"widget\" data-widget_type=\"heading.default\">\n\t\t\t\t\t<h2 class=\"elementor-heading-title elementor-size-default\"><h2 style=\"margin-bottom: 1rem;margin-top: 0px;font-size: 2.5rem;line-height: 1.125\">Comment payer une facture<span style=\"font-size: 36px\"><\/span><\/h2><\/h2>\t\t\t\t<\/div>\n\t\t<div class=\"elementor-element elementor-element-cac7e6f e-con-full e-flex e-con e-child\" data-id=\"cac7e6f\" data-element_type=\"container\" data-e-type=\"container\">\n\t\t<div class=\"elementor-element elementor-element-41dee842 e-con-full e-flex e-con e-child\" data-id=\"41dee842\" data-element_type=\"container\" data-e-type=\"container\">\n\t\t<div class=\"elementor-element elementor-element-20571808 e-con-full e-flex e-con e-child\" data-id=\"20571808\" data-element_type=\"container\" data-e-type=\"container\" data-settings=\"{&quot;background_background&quot;:&quot;classic&quot;}\">\n\t\t\t\t<div class=\"elementor-element elementor-element-3cb074f5 elementor-vertical-align-middle elementor-widget elementor-widget-image-box\" data-id=\"3cb074f5\" data-element_type=\"widget\" data-e-type=\"widget\" data-widget_type=\"image-box.default\">\n\t\t\t\t\t<div class=\"elementor-image-box-wrapper\"><div class=\"elementor-image-box-content\"><h4 class=\"elementor-image-box-title\">Mon compte <\/h4><p class=\"elementor-image-box-description\">Sur notre portail Mon Compte, vous pouvez consulter le solde de votre compte, ainsi que vos factures de livraison et de service. G\u00e9rez votre compte \u00e0 tout moment et o\u00f9 que vous soyez en liant votre compte bancaire ou en ajoutant une carte de cr\u00e9dit pour effectuer des paiements s\u00e9curis\u00e9s et \u00e9conomiser pour vos futurs achats.<\/p><\/div><\/div>\t\t\t\t<\/div>\n\t\t\t\t<\/div>\n\t\t<div class=\"elementor-element elementor-element-21adacb e-con-full e-flex e-con e-child\" data-id=\"21adacb\" data-element_type=\"container\" data-e-type=\"container\" data-settings=\"{&quot;background_background&quot;:&quot;classic&quot;}\">\n\t\t\t\t<div class=\"elementor-element elementor-element-278389d6 elementor-widget elementor-widget-button\" data-id=\"278389d6\" data-element_type=\"widget\" data-e-type=\"widget\" data-widget_type=\"button.default\">\n\t\t\t\t\t\t\t\t\t\t<a class=\"elementor-button elementor-button-link elementor-size-sm\" href=\"https:\/\/my.avenirenergy.ca\/en\/account\/login\/residential\" target=\"_blank\">\n\t\t\t\t\t\t<span class=\"elementor-button-content-wrapper\">\n\t\t\t\t\t\t<span class=\"elementor-button-icon\">\n\t\t\t\t<svg aria-hidden=\"true\" class=\"e-font-icon-svg e-fas-arrow-right\" viewbox=\"0 0 448 512\" xmlns=\"http:\/\/www.w3.org\/2000\/svg\"><path d=\"M190.5 66.9l22.2-22.2c9.4-9.4 24.6-9.4 33.9 0L441 239c9.4 9.4 9.4 24.6 0 33.9L246.6 467.3c-9.4 9.4-24.6 9.4-33.9 0l-22.2-22.2c-9.5-9.5-9.3-25 .4-34.3L311.4 296H24c-13.3 0-24-10.7-24-24v-32c0-13.3 10.7-24 24-24h287.4L190.9 101.2c-9.8-9.3-10-24.8-.4-34.3z\"><\/path><\/svg>\t\t\t<\/span>\n\t\t\t\t\t\t\t\t\t<span class=\"elementor-button-text\">Connectez-vous \u00e0 mon compte<\/span>\n\t\t\t\t\t<\/span>\n\t\t\t\t\t<\/a>\n\t\t\t\t\t\t\t\t<\/div>\n\t\t\t\t<div class=\"elementor-element elementor-element-434acca1 elementor-widget elementor-widget-button\" data-id=\"434acca1\" data-element_type=\"widget\" data-e-type=\"widget\" data-widget_type=\"button.default\">\n\t\t\t\t\t\t\t\t\t\t<a class=\"elementor-button elementor-button-link elementor-size-sm\" href=\"https:\/\/avenirenergy.ca\/fr\/about-us-manage-your-account-online\/\" target=\"_blank\">\n\t\t\t\t\t\t<span class=\"elementor-button-content-wrapper\">\n\t\t\t\t\t\t<span class=\"elementor-button-icon\">\n\t\t\t\t<svg aria-hidden=\"true\" class=\"e-font-icon-svg e-fas-arrow-right\" viewbox=\"0 0 448 512\" xmlns=\"http:\/\/www.w3.org\/2000\/svg\"><path d=\"M190.5 66.9l22.2-22.2c9.4-9.4 24.6-9.4 33.9 0L441 239c9.4 9.4 9.4 24.6 0 33.9L246.6 467.3c-9.4 9.4-24.6 9.4-33.9 0l-22.2-22.2c-9.5-9.5-9.3-25 .4-34.3L311.4 296H24c-13.3 0-24-10.7-24-24v-32c0-13.3 10.7-24 24-24h287.4L190.9 101.2c-9.8-9.3-10-24.8-.4-34.3z\"><\/path><\/svg>\t\t\t<\/span>\n\t\t\t\t\t\t\t\t\t<span class=\"elementor-button-text\">Apprendre encore plus<\/span>\n\t\t\t\t\t<\/span>\n\t\t\t\t\t<\/a>\n\t\t\t\t\t\t\t\t<\/div>\n\t\t\t\t<\/div>\n\t\t\t\t<\/div>\n\t\t<div class=\"elementor-element elementor-element-144c8fbb e-con-full e-flex e-con e-child\" data-id=\"144c8fbb\" data-element_type=\"container\" data-e-type=\"container\">\n\t\t\t\t<div class=\"elementor-element elementor-element-2e45e9e4 elementor-vertical-align-middle elementor-widget elementor-widget-image-box\" data-id=\"2e45e9e4\" data-element_type=\"widget\" data-e-type=\"widget\" data-widget_type=\"image-box.default\">\n\t\t\t\t\t<div class=\"elementor-image-box-wrapper\"><div class=\"elementor-image-box-content\"><h4 class=\"elementor-image-box-title\">Services bancaires en ligne<\/h4><p class=\"elementor-image-box-description\">Vous pouvez nous payer via les services bancaires en ligne en ajoutant Avenir Energy comme b\u00e9n\u00e9ficiaire et en incluant votre num\u00e9ro de compte.  <\/p><\/div><\/div>\t\t\t\t<\/div>\n\t\t\t\t<\/div>\n\t\t\t\t<\/div>\n\t\t<div class=\"elementor-element elementor-element-adcafd7 e-con-full e-flex e-con e-child\" data-id=\"adcafd7\" data-element_type=\"container\" data-e-type=\"container\">\n\t\t<div class=\"elementor-element elementor-element-22f8bcf2 e-con-full e-flex e-con e-child\" data-id=\"22f8bcf2\" data-element_type=\"container\" data-e-type=\"container\">\n\t\t<div class=\"elementor-element elementor-element-5d8d8771 e-con-full e-flex e-con e-child\" data-id=\"5d8d8771\" data-element_type=\"container\" data-e-type=\"container\" data-settings=\"{&quot;background_background&quot;:&quot;classic&quot;}\">\n\t\t\t\t<div class=\"elementor-element elementor-element-92adfb4 elementor-vertical-align-middle elementor-widget elementor-widget-image-box\" data-id=\"92adfb4\" data-element_type=\"widget\" data-e-type=\"widget\" data-widget_type=\"image-box.default\">\n\t\t\t\t\t<div class=\"elementor-image-box-wrapper\"><div class=\"elementor-image-box-content\"><h4 class=\"elementor-image-box-title\">Paiements par ch\u00e8que<\/h4><p class=\"elementor-image-box-description\">Si vous payez par ch\u00e8que, vous pouvez le d\u00e9poser \u00e0 votre agence ou nous l&#039;envoyer par courrier. Nos factures incluent une adresse de paiement.\n\n<\/p><\/div><\/div>\t\t\t\t<\/div>\n\t\t\t\t<\/div>\n\t\t\t\t<\/div>\n\t\t<div class=\"elementor-element elementor-element-5020c333 e-con-full e-flex e-con e-child\" data-id=\"5020c333\" data-element_type=\"container\" data-e-type=\"container\">\n\t\t\t\t<div class=\"elementor-element elementor-element-1b95668b elementor-vertical-align-middle elementor-widget elementor-widget-image-box\" data-id=\"1b95668b\" data-element_type=\"widget\" data-e-type=\"widget\" data-widget_type=\"image-box.default\">\n\t\t\t\t\t<div class=\"elementor-image-box-wrapper\"><div class=\"elementor-image-box-content\"><h4 class=\"elementor-image-box-title\">En personne<\/h4><p class=\"elementor-image-box-description\">Vous pouvez vous rendre dans votre succursale locale pour payer une facture en personne en esp\u00e8ces, par ch\u00e8que, par carte de d\u00e9bit ou par carte de cr\u00e9dit.<\/p><\/div><\/div>\t\t\t\t<\/div>\n\t\t\t\t<\/div>\n\t\t\t\t<\/div>\n\t\t\t\t<\/div>\n\t\t\t\t\t<\/div>\n\t\t\t\t<\/div>\n\t\t\t\t<\/div>","protected":false},"excerpt":{"rendered":"<p>Payment Options Flexible Billing Options At Avenir Energy, we understand that home energy expenses can fluctuate with the seasons. \u00a0We&#8230;<\/p>","protected":false},"author":1,"featured_media":0,"parent":0,"menu_order":0,"comment_status":"closed","ping_status":"closed","template":"","meta":{"slim_seo":{"facebook_image":"https:\/\/avenirenergy.ca\/wp-content\/uploads\/2025\/09\/avi.jpg","twitter_image":"https:\/\/avenirenergy.ca\/wp-content\/uploads\/2025\/09\/avi.jpg","title":"Payment Options - Avenir Energy","description":"Payment Options Flexible Billing Options At Avenir Energy, we understand that home energy expenses can fluctuate with the seasons. \u00a0We offer flexible billing op"},"footnotes":""},"class_list":["post-2372","page","type-page","status-publish","hentry"],"_links":{"self":[{"href":"https:\/\/avenirenergy.ca\/fr\/wp-json\/wp\/v2\/pages\/2372","targetHints":{"allow":["GET"]}}],"collection":[{"href":"https:\/\/avenirenergy.ca\/fr\/wp-json\/wp\/v2\/pages"}],"about":[{"href":"https:\/\/avenirenergy.ca\/fr\/wp-json\/wp\/v2\/types\/page"}],"author":[{"embeddable":true,"href":"https:\/\/avenirenergy.ca\/fr\/wp-json\/wp\/v2\/users\/1"}],"replies":[{"embeddable":true,"href":"https:\/\/avenirenergy.ca\/fr\/wp-json\/wp\/v2\/comments?post=2372"}],"version-history":[{"count":0,"href":"https:\/\/avenirenergy.ca\/fr\/wp-json\/wp\/v2\/pages\/2372\/revisions"}],"wp:attachment":[{"href":"https:\/\/avenirenergy.ca\/fr\/wp-json\/wp\/v2\/media?parent=2372"}],"curies":[{"name":"wp","href":"https:\/\/api.w.org\/{rel}","templated":true}]}}