{"id":2461,"date":"2025-03-06T07:17:08","date_gmt":"2025-03-06T07:17:08","guid":{"rendered":"https:\/\/avenirenergy.ca\/wordpress\/?page_id=2461"},"modified":"2025-10-06T19:41:45","modified_gmt":"2025-10-06T19:41:45","slug":"energy-for-your-business-industries-we-serve","status":"publish","type":"page","link":"https:\/\/avenirenergy.ca\/fr\/energy-for-your-business-industries-we-serve\/","title":{"rendered":"Industries que nous servons"},"content":{"rendered":"<div data-elementor-type=\"wp-page\" data-elementor-id=\"2461\" class=\"elementor elementor-2461\" data-elementor-post-type=\"page\">\n\t\t\t\t<div class=\"elementor-element elementor-element-8611397 e-flex e-con-boxed e-con e-parent\" data-id=\"8611397\" data-element_type=\"container\" data-e-type=\"container\" data-settings=\"{&quot;background_background&quot;:&quot;classic&quot;}\">\n\t\t\t\t\t<div class=\"e-con-inner\">\n\t\t<div class=\"elementor-element elementor-element-1d03a55e e-con-full e-flex e-con e-child\" data-id=\"1d03a55e\" data-element_type=\"container\" data-e-type=\"container\">\n\t\t\t\t<div class=\"elementor-element elementor-element-33a3328e elementor-widget elementor-widget-heading\" data-id=\"33a3328e\" data-element_type=\"widget\" data-e-type=\"widget\" data-widget_type=\"heading.default\">\n\t\t\t\t\t<h1 class=\"elementor-heading-title elementor-size-default\">Industries que nous servons<\/h1>\t\t\t\t<\/div>\n\t\t\t\t<\/div>\n\t\t\t\t\t<\/div>\n\t\t\t\t<\/div>\n\t\t<div class=\"elementor-element elementor-element-9183369 e-flex e-con-boxed e-con e-parent\" data-id=\"9183369\" data-element_type=\"container\" data-e-type=\"container\" data-settings=\"{&quot;background_background&quot;:&quot;classic&quot;}\">\n\t\t\t\t\t<div class=\"e-con-inner\">\n\t\t<div class=\"elementor-element elementor-element-5c613420 e-con-full e-flex e-con e-child\" data-id=\"5c613420\" data-element_type=\"container\" data-e-type=\"container\">\n\t\t\t\t<div class=\"elementor-element elementor-element-4112e19b elementor-widget elementor-widget-text-editor\" data-id=\"4112e19b\" data-element_type=\"widget\" data-e-type=\"widget\" data-widget_type=\"text-editor.default\">\n\t\t\t\t\t\t\t\t\t<p>Nous livrons du propane \u00e0 un large \u00e9ventail d&#039;industries qui appr\u00e9cient une livraison s\u00fbre et fiable, des conseils avis\u00e9s et un service personnalis\u00e9. Quel que soit votre secteur d&#039;activit\u00e9, Avenir Energy propose des solutions d&#039;approvisionnement en propane sur mesure et efficaces pour assurer le bon fonctionnement de vos op\u00e9rations.<\/p>\t\t\t\t\t\t\t\t<\/div>\n\t\t<div class=\"elementor-element elementor-element-54e6e93f e-con-full e-flex e-con e-child\" data-id=\"54e6e93f\" data-element_type=\"container\" data-e-type=\"container\">\n\t\t\t\t<div class=\"elementor-element elementor-element-5535e35 elementor-widget__width-initial elementor-position-top elementor-widget elementor-widget-image-box\" data-id=\"5535e35\" data-element_type=\"widget\" data-e-type=\"widget\" data-widget_type=\"image-box.default\">\n\t\t\t\t\t<div class=\"elementor-image-box-wrapper\"><figure class=\"elementor-image-box-img\"><a href=\"https:\/\/avenirenergy.ca\/fr\/contact-avenir-energy-request-a-quote\/\" tabindex=\"-1\"><img fetchpriority=\"high\" decoding=\"async\" width=\"260\" height=\"260\" src=\"https:\/\/avenirenergy.ca\/wp-content\/uploads\/2025\/09\/66fc25d8fc5d5915899efb16_contact-feature-quote.svg\" class=\"attachment-full size-full wp-image-2475\" alt=\"66fc25d8fc5d5915899efb16 contact feature quote\" srcset=\"https:\/\/avenirenergy.ca\/wp-content\/uploads\/2025\/09\/66fc25d8fc5d5915899efb16_contact-feature-quote.svg 150w, https:\/\/avenirenergy.ca\/wp-content\/uploads\/2025\/09\/66fc25d8fc5d5915899efb16_contact-feature-quote.svg 300w, https:\/\/avenirenergy.ca\/wp-content\/uploads\/2025\/09\/66fc25d8fc5d5915899efb16_contact-feature-quote.svg 1024w, https:\/\/avenirenergy.ca\/wp-content\/uploads\/2025\/09\/66fc25d8fc5d5915899efb16_contact-feature-quote.svg 1536w, https:\/\/avenirenergy.ca\/wp-content\/uploads\/2025\/09\/66fc25d8fc5d5915899efb16_contact-feature-quote.svg 2048w, https:\/\/avenirenergy.ca\/wp-content\/uploads\/2025\/09\/66fc25d8fc5d5915899efb16_contact-feature-quote.svg 100w, https:\/\/avenirenergy.ca\/wp-content\/uploads\/2025\/09\/66fc25d8fc5d5915899efb16_contact-feature-quote.svg 260w\" sizes=\"(max-width: 260px) 100vw, 260px\" \/><\/a><\/figure><div class=\"elementor-image-box-content\"><h3 class=\"elementor-image-box-title\"><a href=\"https:\/\/avenirenergy.ca\/fr\/contact-avenir-energy-request-a-quote\/\">Demander un devis<\/a><\/h3><\/div><\/div>\t\t\t\t<\/div>\n\t\t\t\t<div class=\"elementor-element elementor-element-4ef792a elementor-widget__width-initial elementor-position-top elementor-widget elementor-widget-image-box\" data-id=\"4ef792a\" data-element_type=\"widget\" data-e-type=\"widget\" data-widget_type=\"image-box.default\">\n\t\t\t\t\t<div class=\"elementor-image-box-wrapper\"><figure class=\"elementor-image-box-img\"><a href=\"https:\/\/avenirenergy.ca\/fr\/contact-avenir-energy-request-a-quote\/\" tabindex=\"-1\"><img decoding=\"async\" width=\"260\" height=\"260\" src=\"https:\/\/avenirenergy.ca\/wp-content\/uploads\/2025\/09\/6759afab7cf41fc3cd4a9fc2_contact-become-customer.svg\" class=\"attachment-full size-full wp-image-2476\" alt=\"6759afab7cf41fc3cd4a9fc2 contact become customer\" srcset=\"https:\/\/avenirenergy.ca\/wp-content\/uploads\/2025\/09\/6759afab7cf41fc3cd4a9fc2_contact-become-customer.svg 150w, https:\/\/avenirenergy.ca\/wp-content\/uploads\/2025\/09\/6759afab7cf41fc3cd4a9fc2_contact-become-customer.svg 300w, https:\/\/avenirenergy.ca\/wp-content\/uploads\/2025\/09\/6759afab7cf41fc3cd4a9fc2_contact-become-customer.svg 1024w, https:\/\/avenirenergy.ca\/wp-content\/uploads\/2025\/09\/6759afab7cf41fc3cd4a9fc2_contact-become-customer.svg 1536w, https:\/\/avenirenergy.ca\/wp-content\/uploads\/2025\/09\/6759afab7cf41fc3cd4a9fc2_contact-become-customer.svg 2048w, https:\/\/avenirenergy.ca\/wp-content\/uploads\/2025\/09\/6759afab7cf41fc3cd4a9fc2_contact-become-customer.svg 100w, https:\/\/avenirenergy.ca\/wp-content\/uploads\/2025\/09\/6759afab7cf41fc3cd4a9fc2_contact-become-customer.svg 260w\" sizes=\"(max-width: 260px) 100vw, 260px\" \/><\/a><\/figure><div class=\"elementor-image-box-content\"><h3 class=\"elementor-image-box-title\"><a href=\"https:\/\/avenirenergy.ca\/fr\/contact-avenir-energy-request-a-quote\/\">Devenir client<\/a><\/h3><\/div><\/div>\t\t\t\t<\/div>\n\t\t\t\t<\/div>\n\t\t\t\t<\/div>\n\t\t\t\t\t<\/div>\n\t\t\t\t<\/div>\n\t\t\t\t<section class=\"elementor-section elementor-top-section elementor-element elementor-element-6a93cc10 elementor-section-stretched elementor-section-full_width elementor-section-height-default elementor-section-height-default\" data-id=\"6a93cc10\" data-element_type=\"section\" data-e-type=\"section\" data-settings=\"{&quot;stretch_section&quot;:&quot;section-stretched&quot;,&quot;background_background&quot;:&quot;classic&quot;}\">\n\t\t\t\t\t\t<div class=\"elementor-container elementor-column-gap-default\">\n\t\t\t\t\t<div class=\"elementor-column elementor-col-100 elementor-top-column elementor-element elementor-element-1435e3ce\" data-id=\"1435e3ce\" data-element_type=\"column\" data-e-type=\"column\">\n\t\t\t<div class=\"elementor-widget-wrap elementor-element-populated\">\n\t\t\t\t\t\t<section class=\"elementor-section elementor-inner-section elementor-element elementor-element-cf703e7 elementor-section-full_width elementor-section-height-default elementor-section-height-default\" data-id=\"cf703e7\" data-element_type=\"section\" data-e-type=\"section\">\n\t\t\t\t\t\t<div class=\"elementor-container elementor-column-gap-default\">\n\t\t\t\t\t<div class=\"elementor-column elementor-col-33 elementor-inner-column elementor-element elementor-element-140953be\" data-id=\"140953be\" data-element_type=\"column\" data-e-type=\"column\">\n\t\t\t<div class=\"elementor-widget-wrap elementor-element-populated\">\n\t\t\t\t\t\t<div class=\"elementor-element elementor-element-50006b1f elementor-position-left elementor-vertical-align-top elementor-widget elementor-widget-image-box\" data-id=\"50006b1f\" data-element_type=\"widget\" data-e-type=\"widget\" data-widget_type=\"image-box.default\">\n\t\t\t\t\t<div class=\"elementor-image-box-wrapper\"><figure class=\"elementor-image-box-img\"><img decoding=\"async\" width=\"136\" height=\"136\" src=\"https:\/\/avenirenergy.ca\/wp-content\/uploads\/2025\/09\/66ec7fb7683768e7d4e1c001_industry-farm-agriculture.svg\" class=\"attachment-full size-full wp-image-974\" alt=\"66ec7fb7683768e7d4e1c001 industry farm agriculture\" srcset=\"https:\/\/avenirenergy.ca\/wp-content\/uploads\/2025\/09\/66ec7fb7683768e7d4e1c001_industry-farm-agriculture.svg 150w, https:\/\/avenirenergy.ca\/wp-content\/uploads\/2025\/09\/66ec7fb7683768e7d4e1c001_industry-farm-agriculture.svg 300w, https:\/\/avenirenergy.ca\/wp-content\/uploads\/2025\/09\/66ec7fb7683768e7d4e1c001_industry-farm-agriculture.svg 1024w, https:\/\/avenirenergy.ca\/wp-content\/uploads\/2025\/09\/66ec7fb7683768e7d4e1c001_industry-farm-agriculture.svg 1536w, https:\/\/avenirenergy.ca\/wp-content\/uploads\/2025\/09\/66ec7fb7683768e7d4e1c001_industry-farm-agriculture.svg 2048w, https:\/\/avenirenergy.ca\/wp-content\/uploads\/2025\/09\/66ec7fb7683768e7d4e1c001_industry-farm-agriculture.svg 100w, https:\/\/avenirenergy.ca\/wp-content\/uploads\/2025\/09\/66ec7fb7683768e7d4e1c001_industry-farm-agriculture.svg 136w\" sizes=\"(max-width: 136px) 100vw, 136px\" \/><\/figure><div class=\"elementor-image-box-content\"><h3 class=\"elementor-image-box-title\">Agriculture et \u00e9levage<\/h3><p class=\"elementor-image-box-description\">Utilis\u00e9 pour le chauffage, le s\u00e9chage et la torr\u00e9faction des cultures. Chauffage des b\u00e2timents d&#039;\u00e9levage et des serres. Alimentation des \u00e9quipements, des pompes d&#039;irrigation et des groupes \u00e9lectrog\u00e8nes de secours.<\/p><\/div><\/div>\t\t\t\t<\/div>\n\t\t\t\t<div class=\"elementor-element elementor-element-11b6a222 elementor-position-left elementor-vertical-align-top elementor-widget elementor-widget-image-box\" data-id=\"11b6a222\" data-element_type=\"widget\" data-e-type=\"widget\" data-widget_type=\"image-box.default\">\n\t\t\t\t\t<div class=\"elementor-image-box-wrapper\"><figure class=\"elementor-image-box-img\"><img loading=\"lazy\" decoding=\"async\" width=\"136\" height=\"136\" src=\"https:\/\/avenirenergy.ca\/wp-content\/uploads\/2025\/09\/66ec7fb31ae3acbf1119377e_industry-commercial.svg\" class=\"attachment-full size-full wp-image-970\" alt=\"66ec7fb31ae3acbf1119377e industry commercial\" srcset=\"https:\/\/avenirenergy.ca\/wp-content\/uploads\/2025\/09\/66ec7fb31ae3acbf1119377e_industry-commercial.svg 150w, https:\/\/avenirenergy.ca\/wp-content\/uploads\/2025\/09\/66ec7fb31ae3acbf1119377e_industry-commercial.svg 300w, https:\/\/avenirenergy.ca\/wp-content\/uploads\/2025\/09\/66ec7fb31ae3acbf1119377e_industry-commercial.svg 1024w, https:\/\/avenirenergy.ca\/wp-content\/uploads\/2025\/09\/66ec7fb31ae3acbf1119377e_industry-commercial.svg 1536w, https:\/\/avenirenergy.ca\/wp-content\/uploads\/2025\/09\/66ec7fb31ae3acbf1119377e_industry-commercial.svg 2048w, https:\/\/avenirenergy.ca\/wp-content\/uploads\/2025\/09\/66ec7fb31ae3acbf1119377e_industry-commercial.svg 100w, https:\/\/avenirenergy.ca\/wp-content\/uploads\/2025\/09\/66ec7fb31ae3acbf1119377e_industry-commercial.svg 136w\" sizes=\"(max-width: 136px) 100vw, 136px\" \/><\/figure><div class=\"elementor-image-box-content\"><h3 class=\"elementor-image-box-title\">Commercial<\/h3><p class=\"elementor-image-box-description\">Utilis\u00e9 pour le chauffage central, le chauffage de l&#039;eau, l&#039;alimentation des appareils et la production d&#039;\u00e9nergie de secours.<\/p><\/div><\/div>\t\t\t\t<\/div>\n\t\t\t\t<div class=\"elementor-element elementor-element-134788cb elementor-position-left elementor-vertical-align-top elementor-widget elementor-widget-image-box\" data-id=\"134788cb\" data-element_type=\"widget\" data-e-type=\"widget\" data-widget_type=\"image-box.default\">\n\t\t\t\t\t<div class=\"elementor-image-box-wrapper\"><figure class=\"elementor-image-box-img\"><img loading=\"lazy\" decoding=\"async\" width=\"136\" height=\"136\" src=\"https:\/\/avenirenergy.ca\/wp-content\/uploads\/2025\/09\/66ec7fb39c599c5af6f97487_industry-construction.svg\" class=\"attachment-full size-full wp-image-972\" alt=\"66ec7fb39c599c5af6f97487 industry construction\" srcset=\"https:\/\/avenirenergy.ca\/wp-content\/uploads\/2025\/09\/66ec7fb39c599c5af6f97487_industry-construction.svg 150w, https:\/\/avenirenergy.ca\/wp-content\/uploads\/2025\/09\/66ec7fb39c599c5af6f97487_industry-construction.svg 300w, https:\/\/avenirenergy.ca\/wp-content\/uploads\/2025\/09\/66ec7fb39c599c5af6f97487_industry-construction.svg 1024w, https:\/\/avenirenergy.ca\/wp-content\/uploads\/2025\/09\/66ec7fb39c599c5af6f97487_industry-construction.svg 1536w, https:\/\/avenirenergy.ca\/wp-content\/uploads\/2025\/09\/66ec7fb39c599c5af6f97487_industry-construction.svg 2048w, https:\/\/avenirenergy.ca\/wp-content\/uploads\/2025\/09\/66ec7fb39c599c5af6f97487_industry-construction.svg 100w, https:\/\/avenirenergy.ca\/wp-content\/uploads\/2025\/09\/66ec7fb39c599c5af6f97487_industry-construction.svg 136w\" sizes=\"(max-width: 136px) 100vw, 136px\" \/><\/figure><div class=\"elementor-image-box-content\"><h3 class=\"elementor-image-box-title\">Construction<\/h3><p class=\"elementor-image-box-description\">Utilis\u00e9 pour le chauffage temporaire, le d\u00e9givrage des sols, la toiture et l&#039;alimentation des \u00e9quipements.<\/p><\/div><\/div>\t\t\t\t<\/div>\n\t\t\t\t<div class=\"elementor-element elementor-element-5e8ef9e6 elementor-position-left elementor-vertical-align-top elementor-widget elementor-widget-image-box\" data-id=\"5e8ef9e6\" data-element_type=\"widget\" data-e-type=\"widget\" data-widget_type=\"image-box.default\">\n\t\t\t\t\t<div class=\"elementor-image-box-wrapper\"><figure class=\"elementor-image-box-img\"><img loading=\"lazy\" decoding=\"async\" width=\"136\" height=\"136\" src=\"https:\/\/avenirenergy.ca\/wp-content\/uploads\/2025\/09\/66ec7fb38620b38f122fe346_industry-restaurant-transportation.svg\" class=\"attachment-full size-full wp-image-967\" alt=\"66ec7fb38620b38f122fe346 industry restaurant transportation\" srcset=\"https:\/\/avenirenergy.ca\/wp-content\/uploads\/2025\/09\/66ec7fb38620b38f122fe346_industry-restaurant-transportation.svg 150w, https:\/\/avenirenergy.ca\/wp-content\/uploads\/2025\/09\/66ec7fb38620b38f122fe346_industry-restaurant-transportation.svg 300w, https:\/\/avenirenergy.ca\/wp-content\/uploads\/2025\/09\/66ec7fb38620b38f122fe346_industry-restaurant-transportation.svg 1024w, https:\/\/avenirenergy.ca\/wp-content\/uploads\/2025\/09\/66ec7fb38620b38f122fe346_industry-restaurant-transportation.svg 1536w, https:\/\/avenirenergy.ca\/wp-content\/uploads\/2025\/09\/66ec7fb38620b38f122fe346_industry-restaurant-transportation.svg 2048w, https:\/\/avenirenergy.ca\/wp-content\/uploads\/2025\/09\/66ec7fb38620b38f122fe346_industry-restaurant-transportation.svg 100w, https:\/\/avenirenergy.ca\/wp-content\/uploads\/2025\/09\/66ec7fb38620b38f122fe346_industry-restaurant-transportation.svg 136w\" sizes=\"(max-width: 136px) 100vw, 136px\" \/><\/figure><div class=\"elementor-image-box-content\"><h3 class=\"elementor-image-box-title\">Transport<\/h3><p class=\"elementor-image-box-description\">Utilis\u00e9 pour alimenter des flottes d&#039;autobus, de camions et d&#039;autres v\u00e9hicules de flotte (Autogas).  <\/p><\/div><\/div>\t\t\t\t<\/div>\n\t\t\t\t\t<\/div>\n\t\t<\/div>\n\t\t\t\t<div class=\"elementor-column elementor-col-33 elementor-inner-column elementor-element elementor-element-3342bc36\" data-id=\"3342bc36\" data-element_type=\"column\" data-e-type=\"column\">\n\t\t\t<div class=\"elementor-widget-wrap elementor-element-populated\">\n\t\t\t\t\t\t<div class=\"elementor-element elementor-element-446e78ad elementor-widget elementor-widget-image\" data-id=\"446e78ad\" data-element_type=\"widget\" data-e-type=\"widget\" data-widget_type=\"image.default\">\n\t\t\t\t\t\t\t\t\t\t\t\t\t\t\t<img loading=\"lazy\" decoding=\"async\" width=\"1707\" height=\"2560\" src=\"https:\/\/avenirenergy.ca\/wp-content\/uploads\/2025\/09\/3.-Leaning-tank_PNG-Transparent-scaled.png\" class=\"attachment-full size-full wp-image-978\" alt=\"3. Leaning tank PNG Transparent\" srcset=\"https:\/\/avenirenergy.ca\/wp-content\/uploads\/2025\/09\/3.-Leaning-tank_PNG-Transparent-scaled.png 1707w, https:\/\/avenirenergy.ca\/wp-content\/uploads\/2025\/09\/3.-Leaning-tank_PNG-Transparent-200x300.png 200w, https:\/\/avenirenergy.ca\/wp-content\/uploads\/2025\/09\/3.-Leaning-tank_PNG-Transparent-683x1024.png 683w, https:\/\/avenirenergy.ca\/wp-content\/uploads\/2025\/09\/3.-Leaning-tank_PNG-Transparent-768x1152.png 768w, https:\/\/avenirenergy.ca\/wp-content\/uploads\/2025\/09\/3.-Leaning-tank_PNG-Transparent-1024x1536.png 1024w, https:\/\/avenirenergy.ca\/wp-content\/uploads\/2025\/09\/3.-Leaning-tank_PNG-Transparent-1365x2048.png 1365w, https:\/\/avenirenergy.ca\/wp-content\/uploads\/2025\/09\/3.-Leaning-tank_PNG-Transparent-900x1350.png 900w\" sizes=\"(max-width: 1707px) 100vw, 1707px\" \/>\t\t\t\t\t\t\t\t\t\t\t\t\t\t\t<\/div>\n\t\t\t\t\t<\/div>\n\t\t<\/div>\n\t\t\t\t<div class=\"elementor-column elementor-col-33 elementor-inner-column elementor-element elementor-element-234491be\" data-id=\"234491be\" data-element_type=\"column\" data-e-type=\"column\">\n\t\t\t<div class=\"elementor-widget-wrap elementor-element-populated\">\n\t\t\t\t\t\t<div class=\"elementor-element elementor-element-2c31aa33 elementor-position-right elementor-vertical-align-top elementor-widget elementor-widget-image-box\" data-id=\"2c31aa33\" data-element_type=\"widget\" data-e-type=\"widget\" data-widget_type=\"image-box.default\">\n\t\t\t\t\t<div class=\"elementor-image-box-wrapper\"><figure class=\"elementor-image-box-img\"><img loading=\"lazy\" decoding=\"async\" width=\"136\" height=\"136\" src=\"https:\/\/avenirenergy.ca\/wp-content\/uploads\/2025\/09\/67224d158392077a84de99b8_industry-oil-gas.svg\" class=\"attachment-full size-full wp-image-973\" alt=\"67224d158392077a84de99b8 industry oil gas\" srcset=\"https:\/\/avenirenergy.ca\/wp-content\/uploads\/2025\/09\/67224d158392077a84de99b8_industry-oil-gas.svg 150w, https:\/\/avenirenergy.ca\/wp-content\/uploads\/2025\/09\/67224d158392077a84de99b8_industry-oil-gas.svg 300w, https:\/\/avenirenergy.ca\/wp-content\/uploads\/2025\/09\/67224d158392077a84de99b8_industry-oil-gas.svg 1024w, https:\/\/avenirenergy.ca\/wp-content\/uploads\/2025\/09\/67224d158392077a84de99b8_industry-oil-gas.svg 1536w, https:\/\/avenirenergy.ca\/wp-content\/uploads\/2025\/09\/67224d158392077a84de99b8_industry-oil-gas.svg 2048w, https:\/\/avenirenergy.ca\/wp-content\/uploads\/2025\/09\/67224d158392077a84de99b8_industry-oil-gas.svg 100w, https:\/\/avenirenergy.ca\/wp-content\/uploads\/2025\/09\/67224d158392077a84de99b8_industry-oil-gas.svg 136w\" sizes=\"(max-width: 136px) 100vw, 136px\" \/><\/figure><div class=\"elementor-image-box-content\"><h3 class=\"elementor-image-box-title\">P\u00e9trole et gaz<\/h3><p class=\"elementor-image-box-description\">\u00c9nergie fiable, propre et rentable utilis\u00e9e pour la production d\u2019\u00e9lectricit\u00e9 sur site, le chauffage et la d\u00e9shydratation, l\u2019alimentation des \u00e9quipements et la maintenance.  <\/p><\/div><\/div>\t\t\t\t<\/div>\n\t\t\t\t<div class=\"elementor-element elementor-element-669a9788 elementor-position-right elementor-vertical-align-top elementor-widget elementor-widget-image-box\" data-id=\"669a9788\" data-element_type=\"widget\" data-e-type=\"widget\" data-widget_type=\"image-box.default\">\n\t\t\t\t\t<div class=\"elementor-image-box-wrapper\"><figure class=\"elementor-image-box-img\"><img loading=\"lazy\" decoding=\"async\" width=\"136\" height=\"136\" src=\"https:\/\/avenirenergy.ca\/wp-content\/uploads\/2025\/09\/67224d150d02df02b1611dd0_industry-mining.svg\" class=\"attachment-full size-full wp-image-971\" alt=\"67224d150d02df02b1611dd0 industry mining\" srcset=\"https:\/\/avenirenergy.ca\/wp-content\/uploads\/2025\/09\/67224d150d02df02b1611dd0_industry-mining.svg 150w, https:\/\/avenirenergy.ca\/wp-content\/uploads\/2025\/09\/67224d150d02df02b1611dd0_industry-mining.svg 300w, https:\/\/avenirenergy.ca\/wp-content\/uploads\/2025\/09\/67224d150d02df02b1611dd0_industry-mining.svg 1024w, https:\/\/avenirenergy.ca\/wp-content\/uploads\/2025\/09\/67224d150d02df02b1611dd0_industry-mining.svg 1536w, https:\/\/avenirenergy.ca\/wp-content\/uploads\/2025\/09\/67224d150d02df02b1611dd0_industry-mining.svg 2048w, https:\/\/avenirenergy.ca\/wp-content\/uploads\/2025\/09\/67224d150d02df02b1611dd0_industry-mining.svg 100w, https:\/\/avenirenergy.ca\/wp-content\/uploads\/2025\/09\/67224d150d02df02b1611dd0_industry-mining.svg 136w\" sizes=\"(max-width: 136px) 100vw, 136px\" \/><\/figure><div class=\"elementor-image-box-content\"><h3 class=\"elementor-image-box-title\">Exploitation mini\u00e8re<\/h3><p class=\"elementor-image-box-description\">Assure la s\u00e9curit\u00e9 des travailleurs en chauffant les mines souterraines. Utilis\u00e9 pour alimenter les \u00e9quipements et la production d&#039;\u00e9lectricit\u00e9, ainsi que dans les camps pour le chauffage, l&#039;eau chaude et la cuisine.   <\/p><\/div><\/div>\t\t\t\t<\/div>\n\t\t\t\t<div class=\"elementor-element elementor-element-2290a0f7 elementor-position-right elementor-vertical-align-top elementor-widget elementor-widget-image-box\" data-id=\"2290a0f7\" data-element_type=\"widget\" data-e-type=\"widget\" data-widget_type=\"image-box.default\">\n\t\t\t\t\t<div class=\"elementor-image-box-wrapper\"><figure class=\"elementor-image-box-img\"><img loading=\"lazy\" decoding=\"async\" width=\"136\" height=\"136\" src=\"https:\/\/avenirenergy.ca\/wp-content\/uploads\/2025\/09\/66ec7fb3ace31b63debbaff9_industry-industrial.svg\" class=\"attachment-full size-full wp-image-969\" alt=\"66ec7fb3ace31b63debbaff9 industry industrial\" srcset=\"https:\/\/avenirenergy.ca\/wp-content\/uploads\/2025\/09\/66ec7fb3ace31b63debbaff9_industry-industrial.svg 150w, https:\/\/avenirenergy.ca\/wp-content\/uploads\/2025\/09\/66ec7fb3ace31b63debbaff9_industry-industrial.svg 300w, https:\/\/avenirenergy.ca\/wp-content\/uploads\/2025\/09\/66ec7fb3ace31b63debbaff9_industry-industrial.svg 1024w, https:\/\/avenirenergy.ca\/wp-content\/uploads\/2025\/09\/66ec7fb3ace31b63debbaff9_industry-industrial.svg 1536w, https:\/\/avenirenergy.ca\/wp-content\/uploads\/2025\/09\/66ec7fb3ace31b63debbaff9_industry-industrial.svg 2048w, https:\/\/avenirenergy.ca\/wp-content\/uploads\/2025\/09\/66ec7fb3ace31b63debbaff9_industry-industrial.svg 100w, https:\/\/avenirenergy.ca\/wp-content\/uploads\/2025\/09\/66ec7fb3ace31b63debbaff9_industry-industrial.svg 136w\" sizes=\"(max-width: 136px) 100vw, 136px\" \/><\/figure><div class=\"elementor-image-box-content\"><h3 class=\"elementor-image-box-title\">Industriel<\/h3><p class=\"elementor-image-box-description\">Utilis\u00e9 pour alimenter les machines industrielles, les \u00e9quipements d&#039;entrep\u00f4t et les chariots \u00e9l\u00e9vateurs.<\/p><\/div><\/div>\t\t\t\t<\/div>\n\t\t\t\t<div class=\"elementor-element elementor-element-22d6635f elementor-position-right elementor-vertical-align-top elementor-widget elementor-widget-image-box\" data-id=\"22d6635f\" data-element_type=\"widget\" data-e-type=\"widget\" data-widget_type=\"image-box.default\">\n\t\t\t\t\t<div class=\"elementor-image-box-wrapper\"><figure class=\"elementor-image-box-img\"><img loading=\"lazy\" decoding=\"async\" width=\"136\" height=\"136\" src=\"https:\/\/avenirenergy.ca\/wp-content\/uploads\/2025\/09\/66ec7fb3759f89049e40d232_industry-restaurant-hospitality.svg\" class=\"attachment-full size-full wp-image-968\" alt=\"66ec7fb3759f89049e40d232 industry restaurant hospitality\" srcset=\"https:\/\/avenirenergy.ca\/wp-content\/uploads\/2025\/09\/66ec7fb3759f89049e40d232_industry-restaurant-hospitality.svg 150w, https:\/\/avenirenergy.ca\/wp-content\/uploads\/2025\/09\/66ec7fb3759f89049e40d232_industry-restaurant-hospitality.svg 300w, https:\/\/avenirenergy.ca\/wp-content\/uploads\/2025\/09\/66ec7fb3759f89049e40d232_industry-restaurant-hospitality.svg 1024w, https:\/\/avenirenergy.ca\/wp-content\/uploads\/2025\/09\/66ec7fb3759f89049e40d232_industry-restaurant-hospitality.svg 1536w, https:\/\/avenirenergy.ca\/wp-content\/uploads\/2025\/09\/66ec7fb3759f89049e40d232_industry-restaurant-hospitality.svg 2048w, https:\/\/avenirenergy.ca\/wp-content\/uploads\/2025\/09\/66ec7fb3759f89049e40d232_industry-restaurant-hospitality.svg 100w, https:\/\/avenirenergy.ca\/wp-content\/uploads\/2025\/09\/66ec7fb3759f89049e40d232_industry-restaurant-hospitality.svg 136w\" sizes=\"(max-width: 136px) 100vw, 136px\" \/><\/figure><div class=\"elementor-image-box-content\"><h3 class=\"elementor-image-box-title\">Restaurants et h\u00f4tellerie<\/h3><p class=\"elementor-image-box-description\">Utilis\u00e9 pour le chauffage central, le chauffage de l&#039;eau, l&#039;alimentation des appareils \u00e9lectrom\u00e9nagers, ainsi que dans les cuisines commerciales pour cuisiner.<\/p><\/div><\/div>\t\t\t\t<\/div>\n\t\t\t\t\t<\/div>\n\t\t<\/div>\n\t\t\t\t\t<\/div>\n\t\t<\/section>\n\t\t\t\t\t<\/div>\n\t\t<\/div>\n\t\t\t\t\t<\/div>\n\t\t<\/section>\n\t\t\t\t<\/div>","protected":false},"excerpt":{"rendered":"<p>Industries We Serve We deliver propane to a wide range of industries that value safe and reliable propane delivery, knowledgeable&#8230;<\/p>","protected":false},"author":1,"featured_media":0,"parent":0,"menu_order":0,"comment_status":"closed","ping_status":"closed","template":"","meta":{"slim_seo":{"facebook_image":"https:\/\/avenirenergy.ca\/wp-content\/uploads\/2025\/09\/avi.jpg","twitter_image":"https:\/\/avenirenergy.ca\/wp-content\/uploads\/2025\/09\/avi.jpg","title":"Industries We Serve - Avenir Energy","description":"Industries We Serve We deliver propane to a wide range of industries that value safe and reliable propane delivery, knowledgeable advice, and personal service."},"footnotes":""},"class_list":["post-2461","page","type-page","status-publish","hentry"],"_links":{"self":[{"href":"https:\/\/avenirenergy.ca\/fr\/wp-json\/wp\/v2\/pages\/2461","targetHints":{"allow":["GET"]}}],"collection":[{"href":"https:\/\/avenirenergy.ca\/fr\/wp-json\/wp\/v2\/pages"}],"about":[{"href":"https:\/\/avenirenergy.ca\/fr\/wp-json\/wp\/v2\/types\/page"}],"author":[{"embeddable":true,"href":"https:\/\/avenirenergy.ca\/fr\/wp-json\/wp\/v2\/users\/1"}],"replies":[{"embeddable":true,"href":"https:\/\/avenirenergy.ca\/fr\/wp-json\/wp\/v2\/comments?post=2461"}],"version-history":[{"count":0,"href":"https:\/\/avenirenergy.ca\/fr\/wp-json\/wp\/v2\/pages\/2461\/revisions"}],"wp:attachment":[{"href":"https:\/\/avenirenergy.ca\/fr\/wp-json\/wp\/v2\/media?parent=2461"}],"curies":[{"name":"wp","href":"https:\/\/api.w.org\/{rel}","templated":true}]}}