{"id":2547,"date":"2025-03-06T07:17:08","date_gmt":"2025-03-06T07:17:08","guid":{"rendered":"https:\/\/avenirenergy.ca\/wordpress\/?page_id=2547"},"modified":"2025-11-04T17:53:08","modified_gmt":"2025-11-04T17:53:08","slug":"about-us-partnerships-and-affiliations","status":"publish","type":"page","link":"https:\/\/avenirenergy.ca\/fr\/about-us-partnerships-and-affiliations\/","title":{"rendered":"Partenariats et affiliations"},"content":{"rendered":"<div data-elementor-type=\"wp-page\" data-elementor-id=\"2547\" class=\"elementor elementor-2547\" data-elementor-post-type=\"page\">\n\t\t\t\t<div class=\"elementor-element elementor-element-8611397 e-flex e-con-boxed e-con e-parent\" data-id=\"8611397\" data-element_type=\"container\" data-e-type=\"container\" data-settings=\"{&quot;background_background&quot;:&quot;classic&quot;}\">\n\t\t\t\t\t<div class=\"e-con-inner\">\n\t\t<div class=\"elementor-element elementor-element-1d03a55e e-con-full e-flex e-con e-child\" data-id=\"1d03a55e\" data-element_type=\"container\" data-e-type=\"container\">\n\t\t\t\t<div class=\"elementor-element elementor-element-33a3328e elementor-widget elementor-widget-heading\" data-id=\"33a3328e\" data-element_type=\"widget\" data-e-type=\"widget\" data-widget_type=\"heading.default\">\n\t\t\t\t\t<h1 class=\"elementor-heading-title elementor-size-default\">Partenariats et affiliations<\/h1>\t\t\t\t<\/div>\n\t\t\t\t<\/div>\n\t\t\t\t\t<\/div>\n\t\t\t\t<\/div>\n\t\t<div class=\"elementor-element elementor-element-9183369 e-flex e-con-boxed e-con e-parent\" data-id=\"9183369\" data-element_type=\"container\" data-e-type=\"container\" data-settings=\"{&quot;background_background&quot;:&quot;classic&quot;}\">\n\t\t\t\t\t<div class=\"e-con-inner\">\n\t\t<div class=\"elementor-element elementor-element-5c613420 e-con-full e-flex e-con e-child\" data-id=\"5c613420\" data-element_type=\"container\" data-e-type=\"container\">\n\t\t\t\t<div class=\"elementor-element elementor-element-4112e19b elementor-widget elementor-widget-text-editor\" data-id=\"4112e19b\" data-element_type=\"widget\" data-e-type=\"widget\" data-widget_type=\"text-editor.default\">\n\t\t\t\t\t\t\t\t\t<p>Avenir \u00c9nergie soutient les Forces arm\u00e9es canadiennes\u00a0! Nous sommes fiers de collaborer avec le Centre d&#039;\u00e9change des Forces canadiennes (CANEX) en offrant aux militaires et aux anciens combattants des r\u00e9ductions sur le prix du propane livr\u00e9. CANEX offre des avantages aux membres et \u00e0 leurs familles partout au Canada.<\/p>\t\t\t\t\t\t\t\t<\/div>\n\t\t\t\t<\/div>\n\t\t\t\t\t<\/div>\n\t\t\t\t<\/div>\n\t\t<div class=\"elementor-element elementor-element-4510bdee e-flex e-con-boxed e-con e-parent\" data-id=\"4510bdee\" data-element_type=\"container\" data-e-type=\"container\" data-settings=\"{&quot;background_background&quot;:&quot;classic&quot;}\">\n\t\t\t\t\t<div class=\"e-con-inner\">\n\t\t<div class=\"elementor-element elementor-element-704ffb2 e-con-full e-flex e-con e-child\" data-id=\"704ffb2\" data-element_type=\"container\" data-e-type=\"container\" data-settings=\"{&quot;background_background&quot;:&quot;classic&quot;}\">\n\t\t\t\t<div class=\"elementor-element elementor-element-0082766 elementor-widget-mobile__width-inherit elementor-widget elementor-widget-heading\" data-id=\"0082766\" data-element_type=\"widget\" data-e-type=\"widget\" data-widget_type=\"heading.default\">\n\t\t\t\t\t<h2 class=\"elementor-heading-title elementor-size-default\">CANEX<\/h2>\t\t\t\t<\/div>\n\t\t\t\t<div class=\"elementor-element elementor-element-5aab225 elementor-widget elementor-widget-text-editor\" data-id=\"5aab225\" data-element_type=\"widget\" data-e-type=\"widget\" data-widget_type=\"text-editor.default\">\n\t\t\t\t\t\t\t\t\t<p>Les membres et les anciens combattants des Forces arm\u00e9es canadiennes admissibles, les employ\u00e9s civils du MDN ou des FNP et les membres de la GRC sont admissibles \u00e0 une r\u00e9duction de 8 cents par litre sur le prix r\u00e9gulier livr\u00e9 du propane.<\/p><p>Vous souhaitez moderniser votre syst\u00e8me de chauffage\u00a0? Avenir \u00c9nergie offre jusqu&#039;\u00e0 1\u00a0TP4T350 de rabais sur les chaudi\u00e8res, chauffe-eau et fournaises au propane gr\u00e2ce au programme de chauffage r\u00e9sidentiel Canex*.<\/p><p>Vous aurez besoin de votre carte CF One pour postuler au programme et une fois approuv\u00e9 par CANEX, l&#039;un des membres comp\u00e9tents de notre \u00e9quipe vous guidera tout au long du processus de configuration de votre compte.<\/p>\t\t\t\t\t\t\t\t<\/div>\n\t\t\t\t<div class=\"elementor-element elementor-element-2f8e53e1 elementor-widget elementor-widget-button\" data-id=\"2f8e53e1\" data-element_type=\"widget\" data-e-type=\"widget\" data-widget_type=\"button.default\">\n\t\t\t\t\t\t\t\t\t\t<a class=\"elementor-button elementor-button-link elementor-size-sm\" href=\"https:\/\/www.canex.ca\/en\/hhp\" target=\"_blank\">\n\t\t\t\t\t\t<span class=\"elementor-button-content-wrapper\">\n\t\t\t\t\t\t<span class=\"elementor-button-icon\">\n\t\t\t\t<svg aria-hidden=\"true\" class=\"e-font-icon-svg e-fas-arrow-right\" viewbox=\"0 0 448 512\" xmlns=\"http:\/\/www.w3.org\/2000\/svg\"><path d=\"M190.5 66.9l22.2-22.2c9.4-9.4 24.6-9.4 33.9 0L441 239c9.4 9.4 9.4 24.6 0 33.9L246.6 467.3c-9.4 9.4-24.6 9.4-33.9 0l-22.2-22.2c-9.5-9.5-9.3-25 .4-34.3L311.4 296H24c-13.3 0-24-10.7-24-24v-32c0-13.3 10.7-24 24-24h287.4L190.9 101.2c-9.8-9.3-10-24.8-.4-34.3z\"><\/path><\/svg>\t\t\t<\/span>\n\t\t\t\t\t\t\t\t\t<span class=\"elementor-button-text\">Apprendre encore plus<\/span>\n\t\t\t\t\t<\/span>\n\t\t\t\t\t<\/a>\n\t\t\t\t\t\t\t\t<\/div>\n\t\t\t\t<\/div>\n\t\t<div class=\"elementor-element elementor-element-f016fe9 e-con-full e-flex e-con e-child\" data-id=\"f016fe9\" data-element_type=\"container\" data-e-type=\"container\" data-settings=\"{&quot;background_background&quot;:&quot;classic&quot;}\">\n\t\t\t\t<div class=\"elementor-element elementor-element-ad53a98 elementor-widget elementor-widget-image\" data-id=\"ad53a98\" data-element_type=\"widget\" data-e-type=\"widget\" data-widget_type=\"image.default\">\n\t\t\t\t\t\t\t\t\t\t\t\t\t\t\t<img fetchpriority=\"high\" decoding=\"async\" width=\"1024\" height=\"803\" src=\"https:\/\/avenirenergy.ca\/wp-content\/uploads\/2025\/09\/682f22c8e4e048a7685ed856_home-heating-eng-avenir-1024x803.png\" class=\"attachment-large size-large wp-image-2554\" alt=\"682f22c8e4e048a7685ed856 home heating eng avenir\" srcset=\"https:\/\/avenirenergy.ca\/wp-content\/uploads\/2025\/09\/682f22c8e4e048a7685ed856_home-heating-eng-avenir-1024x803.png 1024w, https:\/\/avenirenergy.ca\/wp-content\/uploads\/2025\/09\/682f22c8e4e048a7685ed856_home-heating-eng-avenir-300x235.png 300w, https:\/\/avenirenergy.ca\/wp-content\/uploads\/2025\/09\/682f22c8e4e048a7685ed856_home-heating-eng-avenir-768x603.png 768w, https:\/\/avenirenergy.ca\/wp-content\/uploads\/2025\/09\/682f22c8e4e048a7685ed856_home-heating-eng-avenir.png 1500w\" sizes=\"(max-width: 1024px) 100vw, 1024px\" \/>\t\t\t\t\t\t\t\t\t\t\t\t\t\t\t<\/div>\n\t\t\t\t<div class=\"elementor-element elementor-element-d8306cb elementor-widget elementor-widget-image\" data-id=\"d8306cb\" data-element_type=\"widget\" data-e-type=\"widget\" data-widget_type=\"image.default\">\n\t\t\t\t\t\t\t\t\t\t\t\t\t\t\t<img decoding=\"async\" width=\"1024\" height=\"623\" src=\"https:\/\/avenirenergy.ca\/wp-content\/uploads\/2025\/09\/682f22c8d64e77e62fae8b65_home-heating-fr-avenir-1024x623.png\" class=\"attachment-large size-large wp-image-2555\" alt=\"682f22c8d64e77e62fae8b65 home heating fr avenir\" srcset=\"https:\/\/avenirenergy.ca\/wp-content\/uploads\/2025\/09\/682f22c8d64e77e62fae8b65_home-heating-fr-avenir-1024x623.png 1024w, https:\/\/avenirenergy.ca\/wp-content\/uploads\/2025\/09\/682f22c8d64e77e62fae8b65_home-heating-fr-avenir-300x183.png 300w, https:\/\/avenirenergy.ca\/wp-content\/uploads\/2025\/09\/682f22c8d64e77e62fae8b65_home-heating-fr-avenir-768x467.png 768w, https:\/\/avenirenergy.ca\/wp-content\/uploads\/2025\/09\/682f22c8d64e77e62fae8b65_home-heating-fr-avenir.png 1500w\" sizes=\"(max-width: 1024px) 100vw, 1024px\" \/>\t\t\t\t\t\t\t\t\t\t\t\t\t\t\t<\/div>\n\t\t\t\t<\/div>\n\t\t\t\t\t<\/div>\n\t\t\t\t<\/div>\n\t\t<div class=\"elementor-element elementor-element-1c1e419 e-flex e-con-boxed e-con e-parent\" data-id=\"1c1e419\" data-element_type=\"container\" data-e-type=\"container\" data-settings=\"{&quot;background_background&quot;:&quot;classic&quot;}\">\n\t\t\t\t\t<div class=\"e-con-inner\">\n\t\t<div class=\"elementor-element elementor-element-519e4fb e-con-full e-flex e-con e-child\" data-id=\"519e4fb\" data-element_type=\"container\" data-e-type=\"container\" data-settings=\"{&quot;background_background&quot;:&quot;classic&quot;}\">\n\t\t\t\t<div class=\"elementor-element elementor-element-3e211ae elementor-widget-mobile__width-inherit elementor-widget elementor-widget-heading\" data-id=\"3e211ae\" data-element_type=\"widget\" data-e-type=\"widget\" data-widget_type=\"heading.default\">\n\t\t\t\t\t<h2 class=\"elementor-heading-title elementor-size-default\">Association canadienne du propane<\/h2>\t\t\t\t<\/div>\n\t\t\t\t<div class=\"elementor-element elementor-element-aa93498 elementor-widget elementor-widget-text-editor\" data-id=\"aa93498\" data-element_type=\"widget\" data-e-type=\"widget\" data-widget_type=\"text-editor.default\">\n\t\t\t\t\t\t\t\t\t<p>Avenir Energy est un fier membre de l&#039;Association canadienne du propane et soutient ses efforts visant \u00e0 promouvoir le propane comme un choix \u00e9nerg\u00e9tique s\u00fbr, innovant et accessible, essentiel \u00e0 l&#039;avenir \u00e0 faibles \u00e9missions de carbone du Canada.<\/p>\t\t\t\t\t\t\t\t<\/div>\n\t\t\t\t<div class=\"elementor-element elementor-element-dbd76e9 elementor-widget elementor-widget-button\" data-id=\"dbd76e9\" data-element_type=\"widget\" data-e-type=\"widget\" data-widget_type=\"button.default\">\n\t\t\t\t\t\t\t\t\t\t<a class=\"elementor-button elementor-button-link elementor-size-sm\" href=\"https:\/\/propane.ca\/\" target=\"_blank\">\n\t\t\t\t\t\t<span class=\"elementor-button-content-wrapper\">\n\t\t\t\t\t\t<span class=\"elementor-button-icon\">\n\t\t\t\t<svg aria-hidden=\"true\" class=\"e-font-icon-svg e-fas-arrow-right\" viewbox=\"0 0 448 512\" xmlns=\"http:\/\/www.w3.org\/2000\/svg\"><path d=\"M190.5 66.9l22.2-22.2c9.4-9.4 24.6-9.4 33.9 0L441 239c9.4 9.4 9.4 24.6 0 33.9L246.6 467.3c-9.4 9.4-24.6 9.4-33.9 0l-22.2-22.2c-9.5-9.5-9.3-25 .4-34.3L311.4 296H24c-13.3 0-24-10.7-24-24v-32c0-13.3 10.7-24 24-24h287.4L190.9 101.2c-9.8-9.3-10-24.8-.4-34.3z\"><\/path><\/svg>\t\t\t<\/span>\n\t\t\t\t\t\t\t\t\t<span class=\"elementor-button-text\">Apprendre encore plus<\/span>\n\t\t\t\t\t<\/span>\n\t\t\t\t\t<\/a>\n\t\t\t\t\t\t\t\t<\/div>\n\t\t\t\t<\/div>\n\t\t<div class=\"elementor-element elementor-element-113d0ec e-con-full e-flex e-con e-child\" data-id=\"113d0ec\" data-element_type=\"container\" data-e-type=\"container\" data-settings=\"{&quot;background_background&quot;:&quot;classic&quot;}\">\n\t\t\t\t<div class=\"elementor-element elementor-element-3f8d89e elementor-widget elementor-widget-image\" data-id=\"3f8d89e\" data-element_type=\"widget\" data-e-type=\"widget\" data-widget_type=\"image.default\">\n\t\t\t\t\t\t\t\t\t\t\t\t\t\t\t<img decoding=\"async\" width=\"1024\" height=\"1024\" src=\"https:\/\/avenirenergy.ca\/wp-content\/uploads\/2025\/09\/67096ae285d6b27ec2285d12_CPA_logo_Member_Color_SVG.svg\" class=\"attachment-large size-large wp-image-2556\" alt=\"67096ae285d6b27ec2285d12 cpa logo member color svg\" srcset=\"https:\/\/avenirenergy.ca\/wp-content\/uploads\/2025\/09\/67096ae285d6b27ec2285d12_CPA_logo_Member_Color_SVG.svg 150w, https:\/\/avenirenergy.ca\/wp-content\/uploads\/2025\/09\/67096ae285d6b27ec2285d12_CPA_logo_Member_Color_SVG.svg 300w, https:\/\/avenirenergy.ca\/wp-content\/uploads\/2025\/09\/67096ae285d6b27ec2285d12_CPA_logo_Member_Color_SVG.svg 1024w, https:\/\/avenirenergy.ca\/wp-content\/uploads\/2025\/09\/67096ae285d6b27ec2285d12_CPA_logo_Member_Color_SVG.svg 1536w, https:\/\/avenirenergy.ca\/wp-content\/uploads\/2025\/09\/67096ae285d6b27ec2285d12_CPA_logo_Member_Color_SVG.svg 2048w, https:\/\/avenirenergy.ca\/wp-content\/uploads\/2025\/09\/67096ae285d6b27ec2285d12_CPA_logo_Member_Color_SVG.svg 100w\" sizes=\"(max-width: 1024px) 100vw, 1024px\" \/>\t\t\t\t\t\t\t\t\t\t\t\t\t\t\t<\/div>\n\t\t\t\t<\/div>\n\t\t\t\t\t<\/div>\n\t\t\t\t<\/div>\n\t\t<div class=\"elementor-element elementor-element-76e39401 e-con-full e-flex e-con e-parent\" data-id=\"76e39401\" data-element_type=\"container\" data-e-type=\"container\" data-settings=\"{&quot;background_background&quot;:&quot;classic&quot;}\">\n\t\t<div class=\"elementor-element elementor-element-68198648 e-con-full e-flex e-con e-child\" data-id=\"68198648\" data-element_type=\"container\" data-e-type=\"container\" data-settings=\"{&quot;background_background&quot;:&quot;classic&quot;}\">\n\t\t<div class=\"elementor-element elementor-element-5542a36a e-con-full e-flex e-con e-child\" data-id=\"5542a36a\" data-element_type=\"container\" data-e-type=\"container\" data-settings=\"{&quot;background_background&quot;:&quot;classic&quot;}\">\n\t\t\t\t<div class=\"elementor-element elementor-element-1fdcc68a elementor-widget elementor-widget-image\" data-id=\"1fdcc68a\" data-element_type=\"widget\" data-e-type=\"widget\" data-widget_type=\"image.default\">\n\t\t\t\t\t\t\t\t\t\t\t\t\t\t\t<img decoding=\"async\" src=\"https:\/\/avenirenergy.ca\/wp-content\/uploads\/elementor\/thumbs\/4.-Behind-the-wheel_PNG-Transparent-scaled-rei4ubkydya5sxm5lemyk7pldohybud7bg71hyvpw0.png\" title=\"4. Derri\u00e8re le volant_PNG Transparent\" alt=\"4. Behind the wheel_PNG Transparent\" loading=\"lazy\" \/>\t\t\t\t\t\t\t\t\t\t\t\t\t\t\t<\/div>\n\t\t\t\t<\/div>\n\t\t<div class=\"elementor-element elementor-element-6871cfa9 e-con-full e-flex e-con e-child\" data-id=\"6871cfa9\" data-element_type=\"container\" data-e-type=\"container\" data-settings=\"{&quot;background_background&quot;:&quot;classic&quot;}\">\n\t\t\t\t<div class=\"elementor-element elementor-element-15517395 elementor-widget elementor-widget-heading\" data-id=\"15517395\" data-element_type=\"widget\" data-e-type=\"widget\" data-widget_type=\"heading.default\">\n\t\t\t\t\t<h2 class=\"elementor-heading-title elementor-size-default\">Vous souhaitez vous associer \u00e0 Avenir Energy ?<\/h2>\t\t\t\t<\/div>\n\t\t\t\t<div class=\"elementor-element elementor-element-31e2dbac elementor-widget__width-initial elementor-mobile-align-left elementor-widget-mobile__width-inherit elementor-tablet-align-center elementor-widget elementor-widget-button\" data-id=\"31e2dbac\" data-element_type=\"widget\" data-e-type=\"widget\" data-widget_type=\"button.default\">\n\t\t\t\t\t\t\t\t\t\t<a class=\"elementor-button elementor-button-link elementor-size-sm\" href=\"\/fr\/contact-avenir-energy-partner-with-avenir\/\" id=\"button-icon\">\n\t\t\t\t\t\t<span class=\"elementor-button-content-wrapper\">\n\t\t\t\t\t\t<span class=\"elementor-button-icon\">\n\t\t\t\t<svg aria-hidden=\"true\" class=\"e-font-icon-svg e-fas-arrow-right\" viewbox=\"0 0 448 512\" xmlns=\"http:\/\/www.w3.org\/2000\/svg\"><path d=\"M190.5 66.9l22.2-22.2c9.4-9.4 24.6-9.4 33.9 0L441 239c9.4 9.4 9.4 24.6 0 33.9L246.6 467.3c-9.4 9.4-24.6 9.4-33.9 0l-22.2-22.2c-9.5-9.5-9.3-25 .4-34.3L311.4 296H24c-13.3 0-24-10.7-24-24v-32c0-13.3 10.7-24 24-24h287.4L190.9 101.2c-9.8-9.3-10-24.8-.4-34.3z\"><\/path><\/svg>\t\t\t<\/span>\n\t\t\t\t\t\t\t\t\t<span class=\"elementor-button-text\">Contactez-nous<\/span>\n\t\t\t\t\t<\/span>\n\t\t\t\t\t<\/a>\n\t\t\t\t\t\t\t\t<\/div>\n\t\t\t\t<\/div>\n\t\t\t\t<\/div>\n\t\t\t\t<\/div>\n\t\t\t\t<\/div>","protected":false},"excerpt":{"rendered":"<p>Partnerships and Affiliations Avenir Energy supports the Canadian Armed Forces! We are a proud partner of the Canadian Forces Exchange&#8230;<\/p>","protected":false},"author":1,"featured_media":0,"parent":0,"menu_order":0,"comment_status":"closed","ping_status":"closed","template":"","meta":{"slim_seo":{"facebook_image":"https:\/\/avenirenergy.ca\/wp-content\/uploads\/2025\/09\/avi.jpg","twitter_image":"https:\/\/avenirenergy.ca\/wp-content\/uploads\/2025\/09\/avi.jpg","title":"Partnerships and Affiliations - Avenir Energy","description":"Partnerships and Affiliations Avenir Energy supports the Canadian Armed Forces! We are a proud partner of the Canadian Forces Exchange (CANEX) by offering milit"},"footnotes":""},"class_list":["post-2547","page","type-page","status-publish","hentry"],"_links":{"self":[{"href":"https:\/\/avenirenergy.ca\/fr\/wp-json\/wp\/v2\/pages\/2547","targetHints":{"allow":["GET"]}}],"collection":[{"href":"https:\/\/avenirenergy.ca\/fr\/wp-json\/wp\/v2\/pages"}],"about":[{"href":"https:\/\/avenirenergy.ca\/fr\/wp-json\/wp\/v2\/types\/page"}],"author":[{"embeddable":true,"href":"https:\/\/avenirenergy.ca\/fr\/wp-json\/wp\/v2\/users\/1"}],"replies":[{"embeddable":true,"href":"https:\/\/avenirenergy.ca\/fr\/wp-json\/wp\/v2\/comments?post=2547"}],"version-history":[{"count":0,"href":"https:\/\/avenirenergy.ca\/fr\/wp-json\/wp\/v2\/pages\/2547\/revisions"}],"wp:attachment":[{"href":"https:\/\/avenirenergy.ca\/fr\/wp-json\/wp\/v2\/media?parent=2547"}],"curies":[{"name":"wp","href":"https:\/\/api.w.org\/{rel}","templated":true}]}}