{"id":2688,"date":"2025-03-06T02:36:41","date_gmt":"2025-03-06T02:36:41","guid":{"rendered":"https:\/\/avenirenergy.ca\/wordpress\/?page_id=2688"},"modified":"2025-10-07T18:35:29","modified_gmt":"2025-10-07T18:35:29","slug":"partner-program","status":"publish","type":"page","link":"https:\/\/avenirenergy.ca\/fr\/partner-program\/","title":{"rendered":"Rejoignez notre programme de partenaires privil\u00e9gi\u00e9s"},"content":{"rendered":"\t\t<div data-elementor-type=\"wp-page\" data-elementor-id=\"2688\" class=\"elementor elementor-2688\" data-elementor-post-type=\"page\">\n\t\t\t\t<div class=\"elementor-element elementor-element-23448906 e-flex e-con-boxed e-con e-parent\" data-id=\"23448906\" data-element_type=\"container\" data-e-type=\"container\" data-settings=\"{&quot;background_background&quot;:&quot;classic&quot;}\">\n\t\t\t\t\t<div class=\"e-con-inner\">\n\t\t<div class=\"elementor-element elementor-element-61800eed e-con-full e-flex e-con e-child\" data-id=\"61800eed\" data-element_type=\"container\" data-e-type=\"container\">\n\t\t\t\t<div class=\"elementor-element elementor-element-5689d766 elementor-widget elementor-widget-heading\" data-id=\"5689d766\" data-element_type=\"widget\" data-e-type=\"widget\" data-widget_type=\"heading.default\">\n\t\t\t\t\t<h1 class=\"elementor-heading-title elementor-size-default\">Join Our Preferred Partner Program<\/h1>\t\t\t\t<\/div>\n\t\t\t\t<\/div>\n\t\t\t\t\t<\/div>\n\t\t\t\t<\/div>\n\t\t<div class=\"elementor-element elementor-element-7a096c64 e-flex e-con-boxed e-con e-parent\" data-id=\"7a096c64\" data-element_type=\"container\" data-e-type=\"container\" data-settings=\"{&quot;background_background&quot;:&quot;classic&quot;}\">\n\t\t\t\t\t<div class=\"e-con-inner\">\n\t\t<div class=\"elementor-element elementor-element-7584c94d e-con-full e-flex e-con e-child\" data-id=\"7584c94d\" data-element_type=\"container\" data-e-type=\"container\">\n\t\t\t\t<div class=\"elementor-element elementor-element-276fbf3c elementor-widget elementor-widget-text-editor\" data-id=\"276fbf3c\" data-element_type=\"widget\" data-e-type=\"widget\" data-widget_type=\"text-editor.default\">\n\t\t\t\t\t\t\t\t\t<p>Grow your business with us.<br \/>Get rewarded for your referrals.<\/p>\t\t\t\t\t\t\t\t<\/div>\n\t\t\t\t<div class=\"elementor-element elementor-element-20fa0c0 elementor-widget elementor-widget-text-editor\" data-id=\"20fa0c0\" data-element_type=\"widget\" data-e-type=\"widget\" data-widget_type=\"text-editor.default\">\n\t\t\t\t\t\t\t\t\t<p>Add value to your business by partnering with your local Avenir Energy team and get expert propane energy solutions for your clients. Earn a paid commission for every referral that gets their propane tank filled!<\/p>\t\t\t\t\t\t\t\t<\/div>\n\t\t\t\t<\/div>\n\t\t\t\t\t<\/div>\n\t\t\t\t<\/div>\n\t\t<div class=\"elementor-element elementor-element-1f9bac3 e-flex e-con-boxed e-con e-parent\" data-id=\"1f9bac3\" data-element_type=\"container\" data-e-type=\"container\" data-settings=\"{&quot;background_background&quot;:&quot;classic&quot;}\">\n\t\t\t\t\t<div class=\"e-con-inner\">\n\t\t<div class=\"elementor-element elementor-element-559cfa7c e-con-full e-flex e-con e-child\" data-id=\"559cfa7c\" data-element_type=\"container\" data-e-type=\"container\">\n\t\t\t\t<div class=\"elementor-element elementor-element-300a5894 elementor-widget elementor-widget-image\" data-id=\"300a5894\" data-element_type=\"widget\" data-e-type=\"widget\" data-widget_type=\"image.default\">\n\t\t\t\t\t\t\t\t\t\t\t\t\t\t\t<img decoding=\"async\" src=\"https:\/\/avenirenergy.ca\/wp-content\/uploads\/elementor\/thumbs\/Mascot-Over-the-A_PNG-Transparent-rejvhzrzudcpw0b2z3eu1j3s4utdlgzp5ok454f74g.png\" title=\"Mascot Over the A_PNG Transparent\" alt=\"Mascot Over the A_PNG Transparent\" loading=\"lazy\" \/>\t\t\t\t\t\t\t\t\t\t\t\t\t\t\t<\/div>\n\t\t\t\t<\/div>\n\t\t\t\t\t<\/div>\n\t\t\t\t<\/div>\n\t\t<div class=\"elementor-element elementor-element-550fee70 e-flex e-con-boxed e-con e-parent\" data-id=\"550fee70\" data-element_type=\"container\" data-e-type=\"container\" data-settings=\"{&quot;background_background&quot;:&quot;classic&quot;}\">\n\t\t\t\t\t<div class=\"e-con-inner\">\n\t\t<div class=\"elementor-element elementor-element-6b9809a6 e-con-full e-flex e-con e-child\" data-id=\"6b9809a6\" data-element_type=\"container\" data-e-type=\"container\">\n\t\t\t\t<div class=\"elementor-element elementor-element-452035d9 animated-slow elementor-widget elementor-widget-heading\" data-id=\"452035d9\" data-element_type=\"widget\" data-e-type=\"widget\" data-settings=\"{&quot;_animation&quot;:&quot;none&quot;}\" data-widget_type=\"heading.default\">\n\t\t\t\t\t<h2 class=\"elementor-heading-title elementor-size-default\">How it Works<\/h2>\t\t\t\t<\/div>\n\t\t\t\t<\/div>\n\t\t<div class=\"elementor-element elementor-element-590063e2 e-con-full e-flex e-con e-child\" data-id=\"590063e2\" data-element_type=\"container\" data-e-type=\"container\" data-settings=\"{&quot;background_background&quot;:&quot;classic&quot;}\">\n\t\t<div class=\"elementor-element elementor-element-37890d7f e-con-full e-flex e-con e-child\" data-id=\"37890d7f\" data-element_type=\"container\" data-e-type=\"container\">\n\t\t\t\t<div class=\"elementor-element elementor-element-7767184a elementor-widget__width-inherit elementor-widget-mobile__width-inherit elementor-align-start elementor-icon-list--layout-traditional elementor-list-item-link-full_width elementor-widget elementor-widget-icon-list\" data-id=\"7767184a\" data-element_type=\"widget\" data-e-type=\"widget\" data-widget_type=\"icon-list.default\">\n\t\t\t\t\t\t\t<ul class=\"elementor-icon-list-items\">\n\t\t\t\t\t\t\t<li class=\"elementor-icon-list-item\">\n\t\t\t\t\t\t\t\t\t\t\t<span class=\"elementor-icon-list-icon\">\n\t\t\t\t\t\t\t<svg xmlns=\"http:\/\/www.w3.org\/2000\/svg\" viewBox=\"0 0 640 640\"><path d=\"M160 96C124.7 96 96 124.7 96 160L96 480C96 515.3 124.7 544 160 544L480 544C515.3 544 544 515.3 544 480L544 160C544 124.7 515.3 96 480 96L160 96zM280 208L320 208C333.3 208 344 218.7 344 232L344 384L376 384C389.3 384 400 394.7 400 408C400 421.3 389.3 432 376 432L264 432C250.7 432 240 421.3 240 408C240 394.7 250.7 384 264 384L296 384L296 256L280 256C266.7 256 256 245.3 256 232C256 218.7 266.7 208 280 208z\"><\/path><\/svg>\t\t\t\t\t\t<\/span>\n\t\t\t\t\t\t\t\t\t\t<span class=\"elementor-icon-list-text\">Register through the form below or call your local branch to get set-up. You will be required to complete a Vendor Supplier Form (linked below) in order to get paid.<\/span>\n\t\t\t\t\t\t\t\t\t<\/li>\n\t\t\t\t\t\t\t\t<li class=\"elementor-icon-list-item\">\n\t\t\t\t\t\t\t\t\t\t\t<span class=\"elementor-icon-list-icon\">\n\t\t\t\t\t\t\t<svg xmlns=\"http:\/\/www.w3.org\/2000\/svg\" viewBox=\"0 0 640 640\"><path d=\"M160 96C124.7 96 96 124.7 96 160L96 480C96 515.3 124.7 544 160 544L480 544C515.3 544 544 515.3 544 480L544 160C544 124.7 515.3 96 480 96L160 96zM272 209.3L334 209.3C370.5 209.3 400 238.9 400 275.3C400 302.4 383.4 326.8 358.1 336.7L313.4 354.3C300.5 359.4 291.3 370.6 288.8 383.9L368.1 383.9C381.4 383.9 392.1 394.6 392.1 407.9C392.1 421.2 381.4 431.9 368.1 431.9L264.1 431.9C250.8 431.9 240.1 421.2 240.1 407.9L240.1 391.5C240.1 355.3 262.2 322.8 295.9 309.6L340.6 292C347.5 289.3 352 282.6 352 275.2C352 265.2 343.9 257.2 334 257.2L272 257.2C258.7 257.2 248 246.5 248 233.2C248 219.9 258.7 209.2 272 209.2z\"><\/path><\/svg>\t\t\t\t\t\t<\/span>\n\t\t\t\t\t\t\t\t\t\t<span class=\"elementor-icon-list-text\">Submit your referrals to sales@avenirenergy.ca. There is no limit to how many referrals you can submit, or how much commission you can earn.<\/span>\n\t\t\t\t\t\t\t\t\t<\/li>\n\t\t\t\t\t\t\t\t<li class=\"elementor-icon-list-item\">\n\t\t\t\t\t\t\t\t\t\t\t<span class=\"elementor-icon-list-icon\">\n\t\t\t\t\t\t\t<svg xmlns=\"http:\/\/www.w3.org\/2000\/svg\" viewBox=\"0 0 640 640\"><path d=\"M160 96C124.7 96 96 124.7 96 160L96 480C96 515.3 124.7 544 160 544L480 544C515.3 544 544 515.3 544 480L544 160C544 124.7 515.3 96 480 96L160 96zM340 296C351 296 360 287 360 276C360 265 351 256 340 256L264 256C250.7 256 240 245.3 240 232C240 218.7 250.7 208 264 208L340 208C377.6 208 408 238.4 408 276C408 292.8 401.9 308.1 391.8 320C401.9 331.9 408 347.2 408 364C408 401.6 377.6 432 340 432L264 432C250.7 432 240 421.3 240 408C240 394.7 250.7 384 264 384L340 384C351 384 360 375 360 364C360 353 351 344 340 344L288 344C274.7 344 264 333.3 264 320C264 306.7 274.7 296 288 296L340 296z\"><\/path><\/svg>\t\t\t\t\t\t<\/span>\n\t\t\t\t\t\t\t\t\t\t<span class=\"elementor-icon-list-text\">Commission is paid to you for each referral that results in a new Avenir Energy customer. When a new customer receives their first propane delivery, you get paid.<\/span>\n\t\t\t\t\t\t\t\t\t<\/li>\n\t\t\t\t\t\t<\/ul>\n\t\t\t\t\t\t<\/div>\n\t\t\t\t<\/div>\n\t\t\t\t<\/div>\n\t\t\t\t\t<\/div>\n\t\t\t\t<\/div>\n\t\t<div class=\"elementor-element elementor-element-06e160f e-flex e-con-boxed e-con e-parent\" data-id=\"06e160f\" data-element_type=\"container\" data-e-type=\"container\" data-settings=\"{&quot;background_background&quot;:&quot;classic&quot;}\">\n\t\t\t\t\t<div class=\"e-con-inner\">\n\t\t\t\t<div class=\"elementor-element elementor-element-9f10b60 animated-slow elementor-widget elementor-widget-heading\" data-id=\"9f10b60\" data-element_type=\"widget\" data-e-type=\"widget\" data-settings=\"{&quot;_animation&quot;:&quot;none&quot;}\" data-widget_type=\"heading.default\">\n\t\t\t\t\t<h2 class=\"elementor-heading-title elementor-size-default\">Get rewarded with Avenir Energy.\nRegister today!<\/h2>\t\t\t\t<\/div>\n\t\t\t\t<div class=\"elementor-element elementor-element-3fa6367 animated-slow elementor-widget elementor-widget-heading\" data-id=\"3fa6367\" data-element_type=\"widget\" data-e-type=\"widget\" data-settings=\"{&quot;_animation&quot;:&quot;none&quot;}\" data-widget_type=\"heading.default\">\n\t\t\t\t\t<h2 class=\"elementor-heading-title elementor-size-default\">All fields are required.<\/h2>\t\t\t\t<\/div>\n\t\t\t\t<div class=\"elementor-element elementor-element-f38656b elementor-widget elementor-widget-html\" data-id=\"f38656b\" data-element_type=\"widget\" data-e-type=\"widget\" data-widget_type=\"html.default\">\n\t\t\t\t\t<form action=\"https:\/\/avenirenergy.work\/external_tickets\/save\" role=\"form\" method=\"post\" accept-charset=\"utf-8\" id=\"external-ticket-form\">\n\n    <input type=\"hidden\" name=\"is_embedded_form\" value=\"1\" \/>\n    <input type=\"hidden\" name=\"redirect_to\" value=\"https:\/\/www.avenirenergy.ca\/avenir-energy-thank-you\" \/>\n\n        <input type=\"hidden\" name=\"assigned_to\" id=\"assigned_to\" value=\"309\" data-default-value=\"309\" data-owner-auto=\"1\" \/>\n    <input type=\"hidden\" name=\"auto_assign_owner\" id=\"auto_assign_owner\" value=\"1\" \/>\n\n    \n    <input type=\"text\" name=\"first_name\" id=\"first_name\" placeholder=\"First name\" required=\"required\" \/>\n\n    <input type=\"text\" name=\"last_name\" id=\"last_name\" placeholder=\"Last name\" required=\"required\" \/>\n\n    <input type=\"text\" name=\"company_name\" id=\"company_name\" placeholder=\"Company name\" \/>\n\n    <input type=\"email\" name=\"email\" id=\"email\" placeholder=\"Email\" autocomplete=\"off\" required=\"required\" \/>\n\n    <input type=\"text\" name=\"address\" id=\"address\" placeholder=\"Address\" autocomplete=\"off\" required=\"required\" \/>\n\n    <input type=\"text\" name=\"city\" id=\"city\" placeholder=\"City\" required=\"required\" \/>\n\n    <select name=\"state\" id=\"state\" required=\"required\">\n        <option value=\"\">- Select Province -<\/option>\n        <option value=\"Alberta\">Alberta<\/option>     <option value=\"New Brunswick\">New Brunswick<\/option>\n        <option value=\"Nova Scotia\">Nova Scotia<\/option>\n        <option value=\"Prince Edward Island\">Prince Edward Island<\/option>\n        <option value=\"Quebec\">Quebec<\/option>\n        <option value=\"Ontario\">Ontario<\/option>\n        <option value=\"Manitoba\">Manitoba<\/option>\n        <option value=\"Northwest Territories\">Northwest Territories<\/option>\n        <option value=\"British Columbia\">British Columbia<\/option>\n    <\/select>\n\n    <input type=\"text\" name=\"zip\" id=\"zip\" placeholder=\"Postal Code\" required=\"required\" \/>\n\n    <select name=\"lead_source_id\" id=\"lead_source_id\" required=\"required\">\n        <option value=\"\">- Select -<\/option>\n        <option value=\"1\">CA_Eastern ROC<\/option>\n        <option value=\"2\">CA_Pacific<\/option>\n        <option value=\"3\">CA_Prairies<\/option>\n        <option value=\"4\">CA_Atlantic<\/option>\n        <option value=\"5\">CA_Quebec<\/option>\n        <option value=\"6\">CA_Ontario<\/option>\n    <\/select>\n\n    <input type=\"tel\" name=\"phone\" id=\"phone\" placeholder=\"Phone\" minlength=\"10\" required=\"required\" \/>\n\n   \n\n            <input type=\"hidden\" name=\"ticket_type_id\" value=\"9\" \/>\n    \n    \n    <textarea name=\"description\" id=\"description\" placeholder=\"Additional Information\" required=\"required\"><\/textarea>\n\n    <button type=\"submit\">Submit<\/button>\n\n<\/form>\n\n<script type=\"text\/javascript\">\n(function () {\n    var stateField = document.getElementById('state');\n    var cityField = document.getElementById('city');\n    var leadSourceField = document.getElementById('lead_source_id');\n    var assignedField = document.getElementById('assigned_to');\n    var autoAssignField = document.getElementById('auto_assign_owner');\n\n    var defaultAssignee = '';\n    var hasDefaultAssignee = false;\n\n    if (assignedField) {\n        var storedDefault = assignedField.getAttribute('data-default-value');\n        if (storedDefault !== null && typeof storedDefault !== 'undefined' && storedDefault !== '') {\n            defaultAssignee = storedDefault;\n        } else if (assignedField.value) {\n            defaultAssignee = assignedField.value;\n        }\n\n        if (defaultAssignee !== null && typeof defaultAssignee !== 'undefined' && defaultAssignee !== '') {\n            hasDefaultAssignee = true;\n        }\n    }\n\n    var shouldAutoAssign = !!assignedField && !hasDefaultAssignee;\n\n    if (assignedField) {\n        var ownerAutoAttr = assignedField.getAttribute('data-owner-auto');\n        if (ownerAutoAttr === '0') {\n            shouldAutoAssign = false;\n        }\n    }\n\n    if (autoAssignField) {\n        if (autoAssignField.value === '0') {\n            shouldAutoAssign = false;\n        }\n\n        autoAssignField.value = shouldAutoAssign ? '1' : '0';\n    }\n\n    var ownerMap = {\n        '2': '254',\n        '3': '253',\n        '4': '251',\n        '5': '3827',\n        '6': '252'\n    };\n\n    var sourceMap = {\n        'Alberta': '3', \n        'New Brunswick': '4',\n        'Nova Scotia': '4',\n        'Prince Edward Island': '4',\n        'Quebec': '5',\n        'Ontario': '6',\n        'Manitoba': '3',\n        'Northwest Territories': '3',\n        'British Columbia': '3'\n    };\n\n    var bcCitiesKeywords = [\n        'vancouver', 'burnaby', 'richmond', 'surrey', 'delta', 'new westminster',\n        'langley', 'white rock', 'maple ridge', 'pitt meadows', 'coquitlam',\n        'port coquitlam', 'port moody', 'north vancouver', 'west vancouver',\n        'belcarra', 'anmore', 'bowen island', 'lions bay',\n        'abbotsford', 'chilliwack', 'mission', 'kent', 'agassiz',\n        'harrison hot springs', 'hope',\n        'sechelt', 'gibsons',\n        'victoria', 'saanich', 'oak bay', 'esquimalt', 'view royal', 'colwood',\n        'langford', 'metchosin', 'highlands', 'sooke', 'central saanich', 'north saanich',\n        'sidney', 'duncan', 'north cowichan', 'lake cowichan', 'ladysmith', 'nanaimo',\n        'lantzville', 'parksville', 'qualicum beach', 'port alberni', 'tofino',\n        'ucluelet', 'courtenay', 'comox', 'cumberland', 'campbell river', 'gold river',\n        'tahsis', 'zeballos', 'port hardy', 'port mcneill', 'port alice', 'alert bay'\n    ];\n\n    function applyOwner(leadSourceId) {\n        if (!assignedField || !shouldAutoAssign) {\n            return;\n        }\n\n        var leadSourceKey = leadSourceId ? String(leadSourceId) : '';\n\n        if (ownerMap.hasOwnProperty(leadSourceKey) && ownerMap[leadSourceKey]) {\n            assignedField.value = ownerMap[leadSourceKey];\n        } else {\n            assignedField.value = defaultAssignee;\n        }\n    }\n\n    function updateLeadSourceFromLocation() {\n        if (!leadSourceField || !stateField) {\n            return;\n        }\n\n        var provinceVal = stateField.value;\n\n        if (!provinceVal) {\n            leadSourceField.value = '';\n            applyOwner('');\n            return;\n        }\n\n        var leadSource = sourceMap.hasOwnProperty(provinceVal) ? String(sourceMap[provinceVal]) : '';\n\n        if (provinceVal === 'British Columbia') {\n            var cityVal = cityField ? cityField.value.trim().toLowerCase() : '';\n            for (var i = 0; i < bcCitiesKeywords.length; i++) {\n                if (cityVal.indexOf(bcCitiesKeywords[i]) !== -1) {\n                    leadSource = '2';\n                    break;\n                }\n            }\n        }\n\n        leadSourceField.value = leadSource;\n        applyOwner(leadSource);\n    }\n\n    if (stateField) {\n        stateField.addEventListener('change', updateLeadSourceFromLocation);\n    }\n\n    if (cityField) {\n        cityField.addEventListener('change', updateLeadSourceFromLocation);\n        cityField.addEventListener('keyup', updateLeadSourceFromLocation);\n    }\n\n    if (leadSourceField) {\n        leadSourceField.addEventListener('change', function () {\n            applyOwner(leadSourceField.value);\n        });\n    }\n\n    updateLeadSourceFromLocation();\n    if (leadSourceField) {\n        applyOwner(leadSourceField.value);\n    }\n})();\n<\/script>\n\t\t\t\t<\/div>\n\t\t\t\t\t<\/div>\n\t\t\t\t<\/div>\n\t\t\t\t<\/div>\n\t\t","protected":false},"excerpt":{"rendered":"<p>Rejoignez notre programme Partenaire Privil\u00e9gi\u00e9 et d\u00e9veloppez votre activit\u00e9. Recevez des r\u00e9compenses pour vos recommandations. Apportez de la valeur ajout\u00e9e \u00e0 votre entreprise en\u2026<\/p>","protected":false},"author":1,"featured_media":0,"parent":0,"menu_order":0,"comment_status":"closed","ping_status":"closed","template":"","meta":{"slim_seo":{"facebook_image":"https:\/\/avenirenergy.ca\/wp-content\/uploads\/2025\/09\/avi.jpg","twitter_image":"https:\/\/avenirenergy.ca\/wp-content\/uploads\/2025\/09\/avi.jpg","title":"Rejoignez notre programme de partenaires privil\u00e9gi\u00e9s - Avenir Energy","description":"Rejoignez notre programme de partenaires privil\u00e9gi\u00e9s et d\u00e9veloppez votre activit\u00e9. Recevez des r\u00e9compenses pour vos recommandations. Apportez de la valeur ajout\u00e9e \u00e0 votre entreprise en devenant partenaire de votre agence Avenir locale."},"footnotes":""},"class_list":["post-2688","page","type-page","status-publish","hentry"],"_links":{"self":[{"href":"https:\/\/avenirenergy.ca\/fr\/wp-json\/wp\/v2\/pages\/2688","targetHints":{"allow":["GET"]}}],"collection":[{"href":"https:\/\/avenirenergy.ca\/fr\/wp-json\/wp\/v2\/pages"}],"about":[{"href":"https:\/\/avenirenergy.ca\/fr\/wp-json\/wp\/v2\/types\/page"}],"author":[{"embeddable":true,"href":"https:\/\/avenirenergy.ca\/fr\/wp-json\/wp\/v2\/users\/1"}],"replies":[{"embeddable":true,"href":"https:\/\/avenirenergy.ca\/fr\/wp-json\/wp\/v2\/comments?post=2688"}],"version-history":[{"count":0,"href":"https:\/\/avenirenergy.ca\/fr\/wp-json\/wp\/v2\/pages\/2688\/revisions"}],"wp:attachment":[{"href":"https:\/\/avenirenergy.ca\/fr\/wp-json\/wp\/v2\/media?parent=2688"}],"curies":[{"name":"wp","href":"https:\/\/api.w.org\/{rel}","templated":true}]}}