{"id":3,"date":"2025-08-31T17:48:53","date_gmt":"2025-08-31T17:48:53","guid":{"rendered":"https:\/\/avenirenergy.ca\/wordpress\/?page_id=3"},"modified":"2025-11-13T18:49:53","modified_gmt":"2025-11-13T18:49:53","slug":"privacy-policy","status":"publish","type":"page","link":"https:\/\/avenirenergy.ca\/fr\/privacy-policy\/","title":{"rendered":"politique de confidentialit\u00e9"},"content":{"rendered":"<div data-elementor-type=\"wp-page\" data-elementor-id=\"3\" class=\"elementor elementor-3\" data-elementor-post-type=\"page\">\n\t\t\t\t<div class=\"elementor-element elementor-element-59f5c079 e-flex e-con-boxed e-con e-parent\" data-id=\"59f5c079\" data-element_type=\"container\" data-e-type=\"container\">\n\t\t\t\t\t<div class=\"e-con-inner\">\n\t\t\t\t<div class=\"elementor-element elementor-element-32872ee1 elementor-widget elementor-widget-text-editor\" data-id=\"32872ee1\" data-element_type=\"widget\" data-e-type=\"widget\" data-widget_type=\"text-editor.default\">\n\t\t\t\t\t\t\t\t\t<h2>Politique de confidentialit\u00e9 relative au site Web<\/h2><p><u>Objet:<\/u><\/p><p>\u00c9nergie Avenir lt\u00e9e, ainsi que ses filiales et soci\u00e9t\u00e9s affili\u00e9es (collectivement, la \u00ab soci\u00e9t\u00e9 \u00bb, \u00ab nous \u00bb ou \u00ab notre \u00bb), veille \u00e0 la protection des renseignements personnels qu\u2019elle recueille et d\u00e9tient \u00e0 votre sujet (tels que d\u00e9finis ci-apr\u00e8s).<\/p><p>Nous respectons la confidentialit\u00e9 des renseignements personnels qui nous sont confi\u00e9s par vous ou en votre nom. Nous nous engageons \u00e0 en pr\u00e9server la confidentialit\u00e9, qu\u2019ils nous soient transmis par Internet, par t\u00e9l\u00e9phone ou en personne. La soci\u00e9t\u00e9 recueille ces renseignements dans le but de vous proposer des services aussi complets et professionnels que possible.<\/p><p>\u00a0<\/p><p><u>Port\u00e9e et champ d\u2019application<\/u>:<\/p><p>La pr\u00e9sente Politique de confidentialit\u00e9 (la \u00ab Politique \u00bb) t\u00e9moigne de notre volont\u00e9 de prot\u00e9ger vos renseignements personnels dans le cadre de leur collecte, de leur utilisation et de leur divulgation. La Politique r\u00e9git l\u2019ensemble de vos interactions avec la soci\u00e9t\u00e9, notamment lorsque vous visitez ou consultez l\u2019un de nos sites Web, vous inscrivez \u00e0 l\u2019un de nos programmes, achetez nos produits ou demandez des renseignements \u00e0 leur sujet, recevez l\u2019un de nos services (collectivement, les \u00ab services \u00bb) ou postulez \u00e0 un emploi chez nous. Au sens des pr\u00e9sentes, le terme \u00ab vous \u00bb d\u00e9signe : i) les personnes qui visitent ou utilisent notre site Web; ii) les personnes qui posent leur candidature \u00e0 un emploi; iii) les personnes qui communiquent avec nous par t\u00e9l\u00e9phone ou par courriel. La pr\u00e9sente Politique ne s\u2019applique pas aux membres de notre personnel, dont les renseignements sont r\u00e9gis par nos politiques internes.<\/p><p>En acc\u00e9dant aux services ou en soumettant une demande d\u2019emploi, vous acceptez que vos renseignements personnels soient recueillis, utilis\u00e9s et divulgu\u00e9s conform\u00e9ment aux dispositions de la pr\u00e9sente Politique. Si vous n\u2019acceptez pas les pr\u00e9sentes modalit\u00e9s, veuillez vous abstenir d\u2019utiliser les services ou de soumettre une demande d\u2019emploi.<\/p><p>Nous r\u00e9visons et actualisons nos politiques et proc\u00e9dures au besoin pour tenir compte de l\u2019\u00e9volution des lois, r\u00e8gles et r\u00e8glements en vigueur, des avanc\u00e9es technologiques, des normes en place et des pr\u00e9occupations de la client\u00e8le. Il se peut donc que nous devions mettre \u00e0 jour la pr\u00e9sente Politique de confidentialit\u00e9 de temps \u00e0 autre. Le fait de continuer \u00e0 utiliser les services signifie que vous acceptez les conditions mises \u00e0 jour. Vous trouverez la plus r\u00e9cente version de notre Politique de confidentialit\u00e9 en tout temps sur notre site Web.<\/p><p>\u00a0<\/p><p><u>Responsabilit\u00e9s <\/u><\/p><p>Nous sommes responsables de tous les renseignements personnels en notre possession ou sous notre garde, y compris les renseignements que nous transmettons \u00e0 des tiers \u00e0 des fins de traitement, par exemple \u00e0 des fins de v\u00e9rification des ant\u00e9c\u00e9dents, de traitement de la paie ou de gestion des avantages sociaux. Lorsque nous externalisons le traitement de renseignements personnels, nous nous engageons \u00e0 assurer le m\u00eame degr\u00e9 de protection que si nous les traitions nous-m\u00eames, en recourant \u00e0 des dispositions contractuelles ou \u00e0 des moyens autres en accord avec les lois applicables.<\/p><p>Toute question li\u00e9e \u00e0 la protection des renseignements personnels doit \u00eatre adress\u00e9e \u00e0 la personne responsable de la protection des donn\u00e9es au sein de la soci\u00e9t\u00e9 \u00e0 <a href=\"mailto:DPO@Avenirenergy.ca\">DPO@Avenirenergy.ca<\/a>.<\/p><p>\u00a0<\/p><p><u>Collecte de renseignements personnels<\/u><\/p><p>Dans la pr\u00e9sente Politique, le terme \u00ab renseignements personnels \u00bb d\u00e9signe les renseignements nominatifs d\u2019une personne, tels qu\u2019ils peuvent \u00eatre d\u00e9finis ou limit\u00e9s en vertu du droit applicable. Il est entendu que, dans la province de Qu\u00e9bec, les renseignements personnels d\u00e9signent toute information se rapportant \u00e0 une personne physique et permettant de l\u2019identifier directement ou indirectement. M\u00eame si les coordonn\u00e9es professionnelles et les intitul\u00e9s de poste peuvent relever de ces d\u00e9finitions, la pr\u00e9sente Politique de confidentialit\u00e9 ne s\u2019applique pas \u00e0 ces types de renseignements.<\/p><p>De m\u00eame, les renseignements personnels ne comprennent pas les donn\u00e9es anonymis\u00e9es qui ne sont pas associ\u00e9es, directement ou indirectement, \u00e0 une personne en particulier.<\/p><p>Nous pouvons recueillir, conserver et utiliser des renseignements appartenant aux cat\u00e9gories suivantes :<\/p><ul><li>Vos coordonn\u00e9es personnelles telles que votre nom, votre identifiant, votre titre, vos adresses, vos num\u00e9ros de t\u00e9l\u00e9phone et vos adresses \u00e9lectroniques personnelles;<\/li><li>Vos coordonn\u00e9es bancaires et informations de paiement;<\/li><li>Votre historique d\u2019achats et de facturation, dont des renseignements sur les produits ou services que vous appr\u00e9ciez;<\/li><li>Votre image et votre apparence (si vous vous trouvez dans un secteur o\u00f9 la soci\u00e9t\u00e9 utilise des cam\u00e9ras de surveillance);<\/li><li>Des informations relatives \u00e0 l\u2019utilisation que vous faites du site Web, telles que les adresses IP, les pages consult\u00e9es, le type de navigateur utilis\u00e9, les renseignements sur l\u2019appareil et les donn\u00e9es de localisation;<\/li><li>Autres informations ou contenus que vous fournissez par le biais de nos sites web.<\/li><\/ul><p>Tous les renseignements que nous recueillons servent \u00e0 r\u00e9aliser les fins d\u00e9crites dans les rubriques \u00ab Utilisation des renseignements personnels \u00bb et \u00ab Divulgation des renseignements personnels \u00bb ci-apr\u00e8s. Nous recueillons vos renseignements personnels directement aupr\u00e8s de vous. Nous pouvons aussi les obtenir aupr\u00e8s d\u2019autres sources, y compris dans certains cas aupr\u00e8s de tiers, sous r\u00e9serve de l\u2019obtention de votre consentement \u00e9crit pr\u00e9alable, ou si la loi applicable l\u2019exige ou l\u2019autorise.<\/p><p>\u00a0<\/p><p><u>Utilisation des renseignements personnels<\/u>:<\/p><p>Nous utilisons vos renseignements personnels aux fins suivantes :<\/p><ul><li>Assurer la prestation des services;<\/li><li>Commercialiser les services;<\/li><li>G\u00e9rer votre compte aux fins de la prestation des services;<\/li><li>R\u00e9pondre \u00e0 vos demandes de renseignements;<\/li><li>Am\u00e9liorer la qualit\u00e9 de nos services et optimiser votre exp\u00e9rience en lien avec les services ou sur nos sites Web;<\/li><li>Examiner et \u00e9valuer votre candidature \u00e0 un emploi;<\/li><li>Assurer la s\u00e9curit\u00e9 et la pr\u00e9vention des pertes;<\/li><li>R\u00e9aliser toute autre fin que nous pourrions vous divulguer de temps \u00e0 autre;<\/li><li>Dans d\u2019autres situations, avec votre consentement ou selon ce qui est exig\u00e9 ou permis par le droit applicable.<\/li><\/ul><p>\u00a0<\/p><p><u>Divulgation des renseignements personnels <\/u><\/p><p>Nous ne communiquerons vos renseignements personnels \u00e0 des tiers que si la loi l\u2019exige, ou encore aux employ\u00e9s, sous-traitants, mandataires d\u00e9sign\u00e9s ou prestataires de services ind\u00e9pendants qui en ont besoin pour nous aider \u00e0 vous fournir les services, notamment des prestataires de services ind\u00e9pendants qui nous offrent des services ou qui offrent des services en notre nom. Ces prestataires de services ind\u00e9pendants peuvent se trouver \u00e0 l\u2019ext\u00e9rieur du Canada ou de votre province de r\u00e9sidence. Nous exigeons de ces prestataires qu\u2019ils ou elles mettent en place des mesures de s\u00e9curit\u00e9 suffisantes pour prot\u00e9ger vos renseignements personnels, conform\u00e9ment \u00e0 nos politiques et \u00e0 toutes les obligations qui nous incombent en mati\u00e8re de s\u00e9curit\u00e9 des donn\u00e9es. \u00c0 de rares exceptions pr\u00e8s, nous ne leur permettons pas d\u2019utiliser vos renseignements personnels \u00e0 leurs propres fins ou de les communiquer \u00e0 des tiers sans consentement. Nous les autorisons uniquement \u00e0 utiliser vos renseignements personnels \u00e0 des fins pr\u00e9cises et conform\u00e9ment \u00e0 nos instructions.<\/p><p>Nous pourrions \u00e9galement divulguer vos renseignements personnels dans les situations suivantes :<\/p><ul><li>Aux autres soci\u00e9t\u00e9s de notre groupe, aux fins \u00e9nonc\u00e9es dans la pr\u00e9sente Politique et dans la mesure n\u00e9cessaire \u00e0 la prestation des services;<\/li><li>Dans le cadre de nos activit\u00e9s habituelles de reddition de comptes aupr\u00e8s des autres soci\u00e9t\u00e9s de notre groupe;<\/li><li>Pour nous conformer \u00e0 des proc\u00e9dures judiciaires l\u00e9gitimes telles que des mandats de perquisition, des citations \u00e0 compara\u00eetre ou des ordonnances de tribunaux. Si nous devons divulguer vos renseignements personnels pour respecter une obligation ou une proc\u00e9dure judiciaire, nous prendrons des mesures raisonnables pour ne divulguer que le strict n\u00e9cessaire afin de remplir la vis\u00e9e de la collecte, en fonction des circonstances;<\/li><li>Pour examiner et \u00e9valuer votre candidature \u00e0 un emploi (p. ex., pour communiquer avec vos r\u00e9f\u00e9rences);<\/li><li>Dans des situations d\u2019urgence ou pour prot\u00e9ger la s\u00e9curit\u00e9 d\u2019une personne ou d\u2019un groupe de personnes;<\/li><li>Si ces renseignements sont rendus publics;<\/li><li>En cas de cession d\u2019entreprise ou de changement de propri\u00e9t\u00e9, ou plus g\u00e9n\u00e9ralement si une telle divulgation est requise pour la conclusion d\u2019une op\u00e9ration commerciale comme une fusion-acquisition, une vente d\u2019actifs ou une op\u00e9ration de financement;<\/li><li>Pour toute autre fin, avec votre consentement si celui-ci est exig\u00e9 par la loi.<\/li><\/ul><p>\u00a0<\/p><p><u>Consentement<\/u>:<\/p><p>En utilisant les services, vous acceptez que vos renseignements personnels soient recueillis, utilis\u00e9s et divulgu\u00e9s conform\u00e9ment aux dispositions de la pr\u00e9sente Politique de confidentialit\u00e9. La collecte, l\u2019utilisation ou la communication de vos renseignements \u00e0 toute autre fin ne sera effectu\u00e9e qu\u2019avec votre consentement pr\u00e9alable ou selon ce qui est exig\u00e9 ou permis par le droit applicable. Vous pouvez retirer votre consentement \u00e0 tout moment, sauf en cas d\u2019obligations juridiques ou r\u00e9glementaires, en cas d\u2019obligations d\u00e9coulant d\u2019un contrat conclu avec nous ou en cas d\u2019autres exceptions. Si vous d\u00e9cidez de ne pas nous fournir certains renseignements personnels ou de retirer votre consentement, il se pourrait que nous ne soyons pas en mesure : a) de vous offrir tous les services que vous avez demand\u00e9s ou qui pourraient vous \u00eatre offerts; b) d\u2019\u00e9tudier votre candidature \u00e0 un emploi. Pour retirer votre consentement, le cas \u00e9ch\u00e9ant, veuillez nous \u00e9crire \u00e0 l\u2019adresse DPO@Avenirenergy.ca.<\/p><p>\u00a0<\/p><p><u>VOUS COMPRENEZ QUE CERTAINES FONCTIONNALIT\u00c9S DE NOTRE SITE WEB PEUVENT NE PLUS \u00caTRE ACCESSIBLES OU PEUVENT \u00caTRE LIMIT\u00c9ES SI VOUS REFUSEZ DE FOURNIR LES RENSEIGNEMENTS REQUIS OU SI VOUS RETIREZ VOTRE CONSENTEMENT.<\/u><\/p><p>\u00a0<\/p><p><u>Formulaires d&#039;inscription\u00a0:<\/u><\/p><p>Les personnes qui consultent notre site Web pourraient \u00eatre invit\u00e9es \u00e0 remplir un formulaire pour nous permettre de leur envoyer de l\u2019information nous concernant ou pour leur permettre de postuler sur notre page \u00ab Carri\u00e8res \u00bb, \u00e0 condition qu\u2019elles aient donn\u00e9 leur consentement \u00e0 recevoir un tel contenu. Si ces personnes ne souhaitent plus recevoir d\u2019envois de notre part, elles peuvent se d\u00e9sabonner \u00e0 tout moment. Si vous souhaitez que votre nom soit retir\u00e9 de nos listes d\u2019envoi, veuillez nous \u00e9crire \u00e0 l\u2019adresse DPO@Avenirenergy.ca.<\/p><p>\u00a0<\/p><p><u>Notifications par messagerie texte<\/u><\/p><p>Si vous nous fournissez votre num\u00e9ro de t\u00e9l\u00e9phone cellulaire, nous l\u2019utiliserons pour vous transmettre des notifications par messagerie texte et de l\u2019information concernant votre utilisation de nos services. Votre num\u00e9ro sera utilis\u00e9 uniquement pour vous envoyer des messages informatifs tels que des alertes de service, des rappels ou des nouvelles.<\/p><p>Nous ne communiquerons, ne vendrons ni ne louerons votre num\u00e9ro de t\u00e9l\u00e9phone cellulaire ni vos donn\u00e9es d\u2019adh\u00e9sion \u00e0 des tiers, que ce soit \u00e0 des fins de marketing ou autres. Si vous ne souhaitez plus recevoir de messages texte de notre part, vous pouvez r\u00e9pondre ARR\u00caT en tout temps.<\/p><p>\u00a0<\/p><p><u>Blogues, forums et autres r\u00e9seaux sociaux<\/u>:<\/p><p>Notre site Web peut h\u00e9berger des blogues, forums et autres applications ou services de r\u00e9seaux sociaux qui permettent le partage de contenu. Tout renseignement personnel ou autre que vous publiez sur les m\u00e9dias sociaux peut \u00eatre lu, recueilli et utilis\u00e9 par d\u2019autres utilisateurs sur lesquels nous n\u2019avons peu ou pas de contr\u00f4le. Par cons\u00e9quent, nous ne sommes pas responsables de l\u2019usage, du m\u00e9susage ou de l\u2019appropriation illicite des renseignements personnels ou autres qui sont publi\u00e9s sur les r\u00e9seaux sociaux.<\/p><p>\u00a0<\/p><p><u>Hyperliens<\/u>:<\/p><p>Notre site Web peut contenir des hyperliens menant \u00e0 des sites externes. Notre Politique de confidentialit\u00e9 ne s\u2019\u00e9tend pas aux donn\u00e9es recueillies par des tiers. La soci\u00e9t\u00e9 n\u2019assume aucune responsabilit\u00e9 quant aux pratiques, aux politiques ou aux agissements de ces tiers en mati\u00e8re de protection des renseignements personnels.<\/p><p>\u00a0<\/p><p><u>Surveillance num\u00e9rique<\/u>:<\/p><p>Nous sommes parfois appel\u00e9s \u00e0 surveiller nos installations et \u00e9quipements dans le cours normal de nos activit\u00e9s. Certains \u00e9tablissements de la soci\u00e9t\u00e9 sont \u00e9quip\u00e9s de cam\u00e9ras de surveillance. Ces cam\u00e9ras sont g\u00e9n\u00e9ralement plac\u00e9es dans les aires \u00e0 haut risque ou dans les usines. Les cam\u00e9ras de surveillance utilis\u00e9es sont destin\u00e9es \u00e0 la protection des \u00e9quipes de travail et des tierces parties, ainsi qu\u2019\u00e0 la protection de nos biens et immeubles contre le vol, le vandalisme et les dommages. Les images enregistr\u00e9es sont g\u00e9n\u00e9ralement d\u00e9truites et ne sont pas transmises \u00e0 des tierces parties, sauf si un d\u00e9lit est soup\u00e7onn\u00e9, auquel cas elles peuvent \u00eatre remises \u00e0 la police ou \u00e0 toute autre instance ou autorit\u00e9 gouvernementale comp\u00e9tente. Toutes les personnes qui visitent nos installations ne sont pas pour autant contr\u00f4l\u00e9es, et leurs actions ne feront pas n\u00e9cessairement l\u2019objet d\u2019une surveillance. Nous souhaitons uniquement attirer votre attention sur le fait que cette surveillance peut avoir lieu et entra\u00eener la collecte de renseignements personnels vous concernant.<\/p><p><u>T\u00e9moins de connexion:<\/u><\/p><ul><li>D\u00e9finition<ul><li>Un t\u00e9moin de connexion est une bribe d\u2019information qu\u2019un serveur d\u00e9pose sur votre navigateur Web et que ce dernier renvoie, lors de la connexion suivante, \u00e0 des serveurs utilisant le m\u00eame nom de domaine.<\/li><\/ul><\/li><\/ul><p style=\"padding-left: 80px;\">Si vous le d\u00e9sirez, vous pouvez configurer votre navigateur pour qu\u2019il vous demande la permission avant d\u2019autoriser les t\u00e9moins. Vous n\u2019avez pas besoin d\u2019accepter les t\u00e9moins facultatifs pour visiter notre site Web. Vous pourriez toutefois ne pas pouvoir utiliser certaines fonctionnalit\u00e9s si vous les refusez.<\/p><ul><li>Types de t\u00e9moins<ul><li><strong>T\u00e9moins techniques :<\/strong>Des t\u00e9moins techniques sont utilis\u00e9s tout au long de votre s\u00e9ance de navigation afin de faciliter la consultation de notre site Web. Par exemple, un t\u00e9moin technique peut servir \u00e0 retenir votre identifiant dans le but de simplifier votre authentification, ainsi qu\u2019\u00e0 m\u00e9moriser vos pr\u00e9f\u00e9rences ou les options que vous avez s\u00e9lectionn\u00e9es.<\/li><li><strong>T\u00e9moins analytiques : <\/strong>Ces t\u00e9moins sont anonymes et servent \u00e0 recueillir des statistiques sur l\u2019utilisation de notre site Web.<\/li><li><strong>T\u00e9moins publicitaires : <\/strong>Ces t\u00e9moins peuvent \u00eatre install\u00e9s par notre site Web ou par d\u2019autres sites proposant des publicit\u00e9s. Ils recueillent des renseignements de fa\u00e7on anonyme et permettent d\u2019\u00e9tablir votre profil de visiteur ou de visiteuse.<\/li><\/ul><\/li><\/ul><p>\u00a0<\/p><p><u>Protection des renseignements personnels concernant des personnes mineures<\/u>:<\/p><p>Nous comprenons l\u2019importance de prot\u00e9ger les renseignements personnels des personnes mineures dans le monde virtuel et interactif d\u2019aujourd\u2019hui. Le site Web de la soci\u00e9t\u00e9 n\u2019est pas con\u00e7u pour \u00eatre utilis\u00e9 par des personnes de moins de 14 ans. De plus, il n\u2019est pas dans nos habitudes de recueillir ou de conserver intentionnellement des renseignements au sujet de ces personnes.<\/p><p>\u00a0<\/p><p><u>Communication de donn\u00e9es \u00e0 l\u2019\u00e9tranger<\/u>:<\/p><p>Si le droit applicable nous y autorise, nous pouvons transmettre les renseignements personnels que nous d\u00e9tenons \u00e0 votre sujet aux \u00c9tats-Unis ou dans d\u2019autres territoires n\u2019offrant pas forc\u00e9ment le m\u00eame degr\u00e9 de protection qu\u2019au Canada, que ce soit pour remplir nos obligations au titre de votre contrat d\u2019emploi ou pour r\u00e9aliser toute autre fin pr\u00e9vue dans la pr\u00e9sente Politique.<\/p><p>\u00a0<\/p><p><u>S\u00e9curit\u00e9 des donn\u00e9es<\/u>:<\/p><p>Nous avons instaur\u00e9 des mesures de s\u00e9curit\u00e9 physiques, techniques et organisationnelles ad\u00e9quates afin de prot\u00e9ger vos renseignements personnels contre toute fuite accidentelle ainsi que contre tout acc\u00e8s, usage, modification ou divulgation non autoris\u00e9s. De plus, seuls les employ\u00e9s, les mandataires, les sous-traitants et les autres tiers qui ont besoin de consulter vos renseignements personnels pour des raisons professionnelles y ont acc\u00e8s. Si une fuite de donn\u00e9es survient malgr\u00e9 tous nos efforts, nous prendrons toutes les mesures raisonnables n\u00e9cessaires pour en limiter les cons\u00e9quences. En cas d\u2019atteinte \u00e0 la protection des donn\u00e9es susceptible de vous causer un pr\u00e9judice s\u00e9rieux et selon les circonstances, nous donnerons les avis exig\u00e9s par la loi, et ce, sans d\u00e9lai indu.<\/p><p>De plus, nos politiques et pratiques internes pr\u00e9voient :<\/p><ul><li>un cadre r\u00e9gissant la conservation et la destruction des donn\u00e9es;<\/li><li>les r\u00f4les et responsabilit\u00e9s de nos employ\u00e9s \u00e0 chaque \u00e9tape du cycle de vie des donn\u00e9es;<\/li><li>une proc\u00e9dure de traitement des plaintes concernant la protection des renseignements personnels.<\/li><\/ul><p>\u00a0<\/p><p><u>Conservation des donn\u00e9es<\/u>:<\/p><p>Sauf exigence ou disposition contraire de la l\u00e9gislation applicable, nous ne conservons les renseignements personnels que le temps qu\u2019il faut pour r\u00e9aliser les fins pr\u00e9vues de leur collecte, notamment pour satisfaire \u00e0 toute exigence juridique, comptable ou de d\u00e9claration. Dans certains cas, nous pourrions les anonymiser afin qu\u2019ils ne vous soient plus associ\u00e9s directement ou indirectement. Nous nous r\u00e9servons le droit d\u2019utiliser ces donn\u00e9es anonymes \u00e0 des fins commerciales l\u00e9gitimes sans vous en informer et obtenir votre consentement. Une fois que vos renseignements personnels ne seront plus requis, nous les garderons et les supprimerons en toute s\u00e9curit\u00e9, conform\u00e9ment aux dispositions de notre politique de conservation des documents et \u00e0 la l\u00e9gislation applicable.<\/p><p>\u00a0<\/p><p><u>Droits d\u2019acc\u00e8s, de correction, de suppression et d\u2019objection<\/u>:<\/p><p>Il est important que nous d\u00e9tenions des renseignements exacts et \u00e0 jour \u00e0 votre sujet. C\u2019est pourquoi nous vous prions de nous informer de toute modification pouvant y \u00eatre apport\u00e9e. La loi vous accorde le droit de demander l\u2019acc\u00e8s aux renseignements personnels que nous d\u00e9tenons \u00e0 votre sujet, de les faire corriger ou, dans certains cas, de r\u00e9voquer votre accord concernant leur utilisation. Si vous souhaitez consulter, v\u00e9rifier ou faire corriger vos renseignements personnels, retirer votre consentement ou nous poser des questions concernant l\u2019application de la pr\u00e9sente Politique, communiquez avec nous \u00e0 l\u2019adresse DPO@Avenirenergy.ca. Toute demande doit \u00eatre formul\u00e9e par \u00e9crit.<\/p><p>Nous pourrions vous demander des informations pr\u00e9cises pour valider votre identit\u00e9 et votre droit d\u2019acc\u00e8s, ainsi que pour vous fournir les renseignements personnels que nous d\u00e9tenons \u00e0 votre sujet ou apporter les modifications exig\u00e9es. Le droit applicable peut nous autoriser ou nous obliger \u00e0 vous refuser l\u2019acc\u00e8s \u00e0 une partie ou \u00e0 la totalit\u00e9 des renseignements personnels que nous d\u00e9tenons \u00e0 votre sujet, ou nous pourrions avoir d\u00e9truit, effac\u00e9 ou anonymis\u00e9 vos renseignements personnels conform\u00e9ment \u00e0 nos obligations et pratiques de conservation des dossiers. Si nous ne pouvons pas vous accorder cet acc\u00e8s, nous veillerons \u00e0 vous dire pourquoi, sous r\u00e9serve des restrictions juridiques ou r\u00e9glementaires applicables.<\/p><p>Si vous n\u2019\u00eates pas satisfait de la mani\u00e8re dont nous traitons vos pr\u00e9occupations relatives \u00e0 la confidentialit\u00e9, vous pouvez porter plainte aupr\u00e8s du Commissariat \u00e0 la protection de la vie priv\u00e9e du Canada ou des commissaires \u00e0 la protection de la vie priv\u00e9e de l\u2019Alberta, de la Colombie-Britannique ou du Qu\u00e9bec, selon votre province de r\u00e9sidence.<\/p><table style=\"border-collapse: collapse; width: 350px;\" border=\"1\" cellspacing=\"0\" cellpadding=\"8\"><tbody><tr><th style=\"text-align: left;\">Version de la politique\u00a0:<\/th><td>1.0<\/td><\/tr><tr><th style=\"text-align: left;\">Derni\u00e8re mise \u00e0 jour\u00a0:<\/th><td>10\/27\/2025<\/td><\/tr><tr><th style=\"text-align: left;\">Auteur<\/th><td>Responsable de la protection des donn\u00e9es<\/td><\/tr><\/tbody><\/table><p>\u00c9nergie Avenir lt\u00e9e<br \/>1200, Bay Street, bur. 604<br \/>Toronto, Ontario M5R 2A5 Canada<br \/>T\u00e9l. : 437 500-3880<\/p><p>\u00a0<\/p><p>\u00a0<\/p>\t\t\t\t\t\t\t\t<\/div>\n\t\t\t\t\t<\/div>\n\t\t\t\t<\/div>\n\t\t\t\t<\/div>","protected":false},"excerpt":{"rendered":"<p>Website Privacy Policy Purpose: Avenir Energy Ltd., together with its affiliates and subsidiaries (collectively, the \u201cCompany\u201d, \u201cwe\u201d, or \u201cus\u201d) is&#8230;<\/p>","protected":false},"author":1,"featured_media":0,"parent":0,"menu_order":0,"comment_status":"closed","ping_status":"open","template":"","meta":{"slim_seo":{"title":"Privacy Policy - Avenir Energy","description":"Website Privacy Policy Purpose: Avenir Energy Ltd., together with its affiliates and subsidiaries (collectively, the \u201cCompany\u201d, \u201cwe\u201d, or \u201cus\u201d) is accountable fo"},"footnotes":""},"class_list":["post-3","page","type-page","status-publish","hentry"],"_links":{"self":[{"href":"https:\/\/avenirenergy.ca\/fr\/wp-json\/wp\/v2\/pages\/3","targetHints":{"allow":["GET"]}}],"collection":[{"href":"https:\/\/avenirenergy.ca\/fr\/wp-json\/wp\/v2\/pages"}],"about":[{"href":"https:\/\/avenirenergy.ca\/fr\/wp-json\/wp\/v2\/types\/page"}],"author":[{"embeddable":true,"href":"https:\/\/avenirenergy.ca\/fr\/wp-json\/wp\/v2\/users\/1"}],"replies":[{"embeddable":true,"href":"https:\/\/avenirenergy.ca\/fr\/wp-json\/wp\/v2\/comments?post=3"}],"version-history":[{"count":0,"href":"https:\/\/avenirenergy.ca\/fr\/wp-json\/wp\/v2\/pages\/3\/revisions"}],"wp:attachment":[{"href":"https:\/\/avenirenergy.ca\/fr\/wp-json\/wp\/v2\/media?parent=3"}],"curies":[{"name":"wp","href":"https:\/\/api.w.org\/{rel}","templated":true}]}}