{"id":3339,"date":"2025-03-06T02:36:41","date_gmt":"2025-03-06T02:36:41","guid":{"rendered":"https:\/\/avenirenergy.ca\/wordpress\/?page_id=3339"},"modified":"2026-02-02T15:49:04","modified_gmt":"2026-02-02T15:49:04","slug":"update-your-account","status":"publish","type":"page","link":"https:\/\/avenirenergy.ca\/fr\/update-your-account\/","title":{"rendered":"Mettez \u00e0 jour votre compte"},"content":{"rendered":"<div data-elementor-type=\"wp-page\" data-elementor-id=\"3339\" class=\"elementor elementor-3339\" data-elementor-post-type=\"page\">\n\t\t\t\t<div class=\"elementor-element elementor-element-23448906 e-flex e-con-boxed e-con e-parent\" data-id=\"23448906\" data-element_type=\"container\" data-e-type=\"container\" data-settings=\"{&quot;background_background&quot;:&quot;classic&quot;}\">\n\t\t\t\t\t<div class=\"e-con-inner\">\n\t\t<div class=\"elementor-element elementor-element-61800eed e-con-full e-flex e-con e-child\" data-id=\"61800eed\" data-element_type=\"container\" data-e-type=\"container\">\n\t\t\t\t<div class=\"elementor-element elementor-element-5689d766 elementor-widget elementor-widget-heading\" data-id=\"5689d766\" data-element_type=\"widget\" data-e-type=\"widget\" data-widget_type=\"heading.default\">\n\t\t\t\t\t<h1 class=\"elementor-heading-title elementor-size-default\">Mettez \u00e0 jour votre compte<\/h1>\t\t\t\t<\/div>\n\t\t\t\t<\/div>\n\t\t\t\t\t<\/div>\n\t\t\t\t<\/div>\n\t\t<div class=\"elementor-element elementor-element-7a096c64 e-flex e-con-boxed e-con e-parent\" data-id=\"7a096c64\" data-element_type=\"container\" data-e-type=\"container\" data-settings=\"{&quot;background_background&quot;:&quot;classic&quot;}\">\n\t\t\t\t\t<div class=\"e-con-inner\">\n\t\t\t\t<div class=\"elementor-element elementor-element-276fbf3c elementor-widget elementor-widget-text-editor\" data-id=\"276fbf3c\" data-element_type=\"widget\" data-e-type=\"widget\" data-widget_type=\"text-editor.default\">\n\t\t\t\t\t\t\t\t\t<p>Bienvenue sur le formulaire de mise \u00e0 jour de votre compte Avenir \u00c9nergie. Vous pourrez y affiner vos pr\u00e9f\u00e9rences de livraison, de paiement et de facturation pour b\u00e9n\u00e9ficier d&#039;\u00e9conomies suppl\u00e9mentaires sur votre forfait 2025-2026. Consultez simplement les options ci-dessous et s\u00e9lectionnez les modifications que vous souhaitez appliquer.<\/p>\t\t\t\t\t\t\t\t<\/div>\n\t\t\t\t<div class=\"elementor-element elementor-element-3fa6367 animated-slow elementor-widget elementor-widget-heading\" data-id=\"3fa6367\" data-element_type=\"widget\" data-e-type=\"widget\" data-settings=\"{&quot;_animation&quot;:&quot;none&quot;}\" data-widget_type=\"heading.default\">\n\t\t\t\t\t<h2 class=\"elementor-heading-title elementor-size-default\">Tous les champs marqu\u00e9s d&#039;un * sont obligatoires<\/h2>\t\t\t\t<\/div>\n\t\t\t\t<div class=\"elementor-element elementor-element-f38656b elementor-widget elementor-widget-html\" data-id=\"f38656b\" data-element_type=\"widget\" data-e-type=\"widget\" data-widget_type=\"html.default\">\n\t\t\t\t\t<iframe src=\"https:\/\/avenirenergy.work\/request_estimate\/form\/6\" width=\"100%\" height=\"1490px\" frameborder=\"0\"><\/iframe>\t\t\t\t<\/div>\n\t\t\t\t\t<\/div>\n\t\t\t\t<\/div>\n\t\t\t\t<\/div>","protected":false},"excerpt":{"rendered":"<p>Update Your Account Welcome to your Avenir Energy account-update form, where you can fine-tune your delivery, payment, and billing preferences&#8230;<\/p>","protected":false},"author":1,"featured_media":0,"parent":0,"menu_order":0,"comment_status":"closed","ping_status":"closed","template":"","meta":{"slim_seo":{"facebook_image":"https:\/\/avenirenergy.ca\/wp-content\/uploads\/2025\/09\/avi.jpg","twitter_image":"https:\/\/avenirenergy.ca\/wp-content\/uploads\/2025\/09\/avi.jpg","noindex":"1","title":"Update Your Account - Avenir Energy","description":"Update Your Account Welcome to your Avenir Energy account-update form, where you can fine-tune your delivery, payment, and billing preferences to unlock extra s"},"footnotes":""},"class_list":["post-3339","page","type-page","status-publish","hentry"],"_links":{"self":[{"href":"https:\/\/avenirenergy.ca\/fr\/wp-json\/wp\/v2\/pages\/3339","targetHints":{"allow":["GET"]}}],"collection":[{"href":"https:\/\/avenirenergy.ca\/fr\/wp-json\/wp\/v2\/pages"}],"about":[{"href":"https:\/\/avenirenergy.ca\/fr\/wp-json\/wp\/v2\/types\/page"}],"author":[{"embeddable":true,"href":"https:\/\/avenirenergy.ca\/fr\/wp-json\/wp\/v2\/users\/1"}],"replies":[{"embeddable":true,"href":"https:\/\/avenirenergy.ca\/fr\/wp-json\/wp\/v2\/comments?post=3339"}],"version-history":[{"count":1,"href":"https:\/\/avenirenergy.ca\/fr\/wp-json\/wp\/v2\/pages\/3339\/revisions"}],"predecessor-version":[{"id":4935,"href":"https:\/\/avenirenergy.ca\/fr\/wp-json\/wp\/v2\/pages\/3339\/revisions\/4935"}],"wp:attachment":[{"href":"https:\/\/avenirenergy.ca\/fr\/wp-json\/wp\/v2\/media?parent=3339"}],"curies":[{"name":"wp","href":"https:\/\/api.w.org\/{rel}","templated":true}]}}